{"id":116,"date":"2017-03-06T14:43:02","date_gmt":"2017-03-06T14:43:02","guid":{"rendered":"http:\/\/uviger.fausac.gt\/?page_id=116"},"modified":"2017-03-28T09:16:06","modified_gmt":"2017-03-28T15:16:06","slug":"116-2","status":"publish","type":"page","link":"http:\/\/uviger.fausac.gt\/?page_id=116","title":{"rendered":"Historia"},"content":{"rendered":"<p style=\"text-align: justify;\">Para dar cumplimiento a su misi\u00f3n, la Facultad de Agronom\u00eda, desde sus inicios se ha valido de su vinculaci\u00f3n con la sociedad a trav\u00e9s de las actividades docentes que realiza, el personal que forma, el conocimiento que genera y los proyectos de investigaci\u00f3n que emprende, entre otros.<\/p>\n<p style=\"text-align: justify;\">En este sentido, est\u00e1 claro que la Facultad de Agronom\u00eda ha estado inmersa en la vinculaci\u00f3n de sus profesionales en el que hacer de la agricultura del pa\u00eds, lo cual se ve reflejado en el aporte que los mismos han dado mediante la realizaci\u00f3n del ejercicio profesional supervisado, el cual ha sido uno de los primeros v\u00ednculos de la facultad con el sector p\u00fablico y privado. Muchos de estas actividades se han concretizado en convenios o cartas de entendimiento que han venido a fortalecer este v\u00ednculo universidad &#8211; sociedad.<\/p>\n<p style=\"text-align: justify;\">El conjunto de estas actividades de docencia e investigaci\u00f3n, paralelamente generaron la necesidad de poder aportar estos conocimientos en bien de la agricultura del pa\u00eds, lo cual se vio materializado mediante la aprobaci\u00f3n por parte del consejo superior universitario con 23 de abril de 1997, lo cual en el punto d\u00e9cimo sexto acordaba lo siguiente:<\/p>\n<p style=\"text-align: justify;\">El consejo superior universitario entro a conocer el oficio de fecha 10 de abril de 1997 de la direcci\u00f3n de asuntos jur\u00eddicos, referente a los proyectos denominados \u201cservicio de laboratorio de suelos, plantas y aguas, y centro de diagn\u00f3stico parasitol\u00f3gico de las sub\u00e1reas de manejo de suelo y agua y de protecci\u00f3n de la facultad de agua de la facultad de Agronom\u00eda, acordando lo<br \/>\nsiguiente: dar aprobado el dictamen de la direcci\u00f3n de asuntos jur\u00eddicos, y en consecuencia los proyectos presentados por la Facultad de Agronom\u00eda.<\/p>\n<p style=\"text-align: justify;\">Bajo esta autorizaci\u00f3n, la Facultad de Agronom\u00eda se ha valido de tecnolog\u00eda de \u00faltima generaci\u00f3n \u00a0para ofrecer servicios de diagn\u00f3stico fitosanitario y de an\u00e1lisis de suelo, agua y planta, cubriendo un amplio espectro de influencia que abarcado no s\u00f3lo el an\u00e1lisis de los productos que ingresan por los puestos de control cuarentenario del pa\u00eds, sino tambi\u00e9n de aquellos que se comercializan a lo interno del pa\u00eds, pudi\u00e9ndose mencionar entre otros a cultivos como ma\u00edz, trigo, papa, hortalizas, caf\u00e9, frutas semilla de pasto, entre otros. \u00a0Por otra parte, ha desarrollado trabajos importantes como el diagn\u00f3stico fitosanitario de virus, insectos, bacterias, nem\u00e1todos, causantes de enfermedades en plantas, animales y humanos), hongos y malezas, lo que le ha permitido ganar la confianza del productor nacional, as\u00ed como el importador de productos agr\u00edcolas, ya que todos los importadores de granos, semillas y alimentos requieren ciertos an\u00e1lisis para introducir estos productos al pa\u00eds.<\/p>\n<p style=\"text-align: justify;\">A partir de esto, se ve la necesidad de fortalecer m\u00e1s esta vinculaci\u00f3n de la universidad con el sector p\u00fablico y privado, y es as\u00ed como nace la idea de crear dentro de la estructura de la Facultad de Agronom\u00eda, la unidad de vinculaci\u00f3n y gesti\u00f3n de recursos con el objeto de establecer los mecanismos y estrategias de vinculaci\u00f3n con diferentes sectores de la sociedad para prestar servicios educativos, cient\u00edficos y tecnol\u00f3gicos que apoyen el desarrollo nacional, sirviendo de v\u00ednculo entre la Facultad de Agronom\u00eda y dichos sectores y por otra parte, establecer relaciones con organismos, instituciones y organizaciones nacionales e internacionales que cooperan con el pa\u00eds y particularmente con la Facultad de Agronom\u00eda de la Universidad de San Carlos de Guatemala.<\/p>\n<p style=\"text-align: justify;\">Resultado de esto se elabora y presenta la propuesta de reglamento para la prestaci\u00f3n de servicios educativos, cient\u00edficos y tecnol\u00f3gicos en la Facultad de Agronom\u00eda, siendo aprobado finalmente el mismo por el consejo superior universitario y dando vida a lo que es la Unidad de Vinculaci\u00f3n y Gesti\u00f3n de Recursos (UVIGER)<\/p>\n<p>&nbsp;<\/p>\n","protected":false},"excerpt":{"rendered":"<p>Para dar cumplimiento a su misi\u00f3n, la Facultad de Agronom\u00eda, desde sus inicios se ha valido de su vinculaci\u00f3n con la sociedad a trav\u00e9s de las actividades docentes que realiza, el personal que forma, el conocimiento que genera y los proyectos de investigaci\u00f3n que emprende, entre otros. En este sentido, est\u00e1 claro que la Facultad<\/p>\n","protected":false},"author":2,"featured_media":0,"parent":0,"menu_order":0,"comment_status":"closed","ping_status":"closed","template":"","meta":[],"_links":{"self":[{"href":"http:\/\/uviger.fausac.gt\/index.php?rest_route=\/wp\/v2\/pages\/116"}],"collection":[{"href":"http:\/\/uviger.fausac.gt\/index.php?rest_route=\/wp\/v2\/pages"}],"about":[{"href":"http:\/\/uviger.fausac.gt\/index.php?rest_route=\/wp\/v2\/types\/page"}],"author":[{"embeddable":true,"href":"http:\/\/uviger.fausac.gt\/index.php?rest_route=\/wp\/v2\/users\/2"}],"replies":[{"embeddable":true,"href":"http:\/\/uviger.fausac.gt\/index.php?rest_route=%2Fwp%2Fv2%2Fcomments&post=116"}],"version-history":[{"count":13,"href":"http:\/\/uviger.fausac.gt\/index.php?rest_route=\/wp\/v2\/pages\/116\/revisions"}],"predecessor-version":[{"id":212,"href":"http:\/\/uviger.fausac.gt\/index.php?rest_route=\/wp\/v2\/pages\/116\/revisions\/212"}],"wp:attachment":[{"href":"http:\/\/uviger.fausac.gt\/index.php?rest_route=%2Fwp%2Fv2%2Fmedia&parent=116"}],"curies":[{"name":"wp","href":"https:\/\/api.w.org\/{rel}","templated":true}]}}