{"id":123,"date":"2017-03-06T15:15:01","date_gmt":"2017-03-06T15:15:01","guid":{"rendered":"http:\/\/uviger.fausac.gt\/?page_id=123"},"modified":"2017-03-27T10:49:01","modified_gmt":"2017-03-27T16:49:01","slug":"objetivos","status":"publish","type":"page","link":"http:\/\/uviger.fausac.gt\/?page_id=123","title":{"rendered":"Objetivos"},"content":{"rendered":"<ul>\n<li style=\"text-align: justify;\">Establecer relaciones con organismos, instituciones y organizaciones nacionales y extranjeras que cooperan con recursos destinados al desarrollo agr\u00edcola o de los recursos naturales renovables.<\/li>\n<\/ul>\n<ul>\n<li style=\"text-align: justify;\">Establecer los mecanismos y las estrategias de vinculaci\u00f3n con los diferentes sectores de la sociedad para la prestaci\u00f3n de servicios educativos, cient\u00edficos y tecnol\u00f3gicos que apoyen el desarrollo nacional.<\/li>\n<\/ul>\n<ul>\n<li style=\"text-align: justify;\">Servir de v\u00ednculo entre la Facultad de Agronom\u00eda y los sectores de la sociedad que demandan servicios educativos, cient\u00edficos y tecnol\u00f3gicos.<\/li>\n<\/ul>\n<ul>\n<li style=\"text-align: justify;\">Coordinar la ejecuci\u00f3n de proyectos que por consultor\u00eda institucional ejecute la Facultad de Agronom\u00eda.<\/li>\n<\/ul>\n","protected":false},"excerpt":{"rendered":"<p>Establecer relaciones con organismos, instituciones y organizaciones nacionales y extranjeras que cooperan con recursos destinados al desarrollo agr\u00edcola o de los recursos naturales renovables. Establecer los mecanismos y las estrategias de vinculaci\u00f3n con los diferentes sectores de la sociedad para la prestaci\u00f3n de servicios educativos, cient\u00edficos y tecnol\u00f3gicos que apoyen el desarrollo nacional. Servir de<\/p>\n","protected":false},"author":2,"featured_media":0,"parent":0,"menu_order":0,"comment_status":"closed","ping_status":"closed","template":"","meta":[],"_links":{"self":[{"href":"http:\/\/uviger.fausac.gt\/index.php?rest_route=\/wp\/v2\/pages\/123"}],"collection":[{"href":"http:\/\/uviger.fausac.gt\/index.php?rest_route=\/wp\/v2\/pages"}],"about":[{"href":"http:\/\/uviger.fausac.gt\/index.php?rest_route=\/wp\/v2\/types\/page"}],"author":[{"embeddable":true,"href":"http:\/\/uviger.fausac.gt\/index.php?rest_route=\/wp\/v2\/users\/2"}],"replies":[{"embeddable":true,"href":"http:\/\/uviger.fausac.gt\/index.php?rest_route=%2Fwp%2Fv2%2Fcomments&post=123"}],"version-history":[{"count":3,"href":"http:\/\/uviger.fausac.gt\/index.php?rest_route=\/wp\/v2\/pages\/123\/revisions"}],"predecessor-version":[{"id":144,"href":"http:\/\/uviger.fausac.gt\/index.php?rest_route=\/wp\/v2\/pages\/123\/revisions\/144"}],"wp:attachment":[{"href":"http:\/\/uviger.fausac.gt\/index.php?rest_route=%2Fwp%2Fv2%2Fmedia&parent=123"}],"curies":[{"name":"wp","href":"https:\/\/api.w.org\/{rel}","templated":true}]}}