{"id":126,"date":"2017-03-06T15:32:48","date_gmt":"2017-03-06T15:32:48","guid":{"rendered":"http:\/\/uviger.fausac.gt\/?page_id=126"},"modified":"2019-05-03T11:12:21","modified_gmt":"2019-05-03T17:12:21","slug":"laboratorio-de-fitopatologia","status":"publish","type":"page","link":"http:\/\/uviger.fausac.gt\/?page_id=126","title":{"rendered":"Unidad de Fitopatolog\u00eda y Parasitolog\u00eda"},"content":{"rendered":"<p style=\"text-align: justify;\">Es una unidad de servicios y de extensi\u00f3n de la Facultad de Agronom\u00eda de la USAC que ofrece servicios relacionados a la protecci\u00f3n vegetal en forma no lucrativa, al sector agr\u00edcola de Guatemala.<\/p>\n<p style=\"text-align: justify;\">Cuenta con un equipo de profesionales especializados como el <span style=\"text-decoration: underline;\"><span style=\"color: #0000ff;\"><a style=\"color: #0000ff; text-decoration: underline;\" href=\"http:\/\/uviger.fausac.gt\/wp-content\/uploads\/2017\/04\/CURVITRESRES-ABRIL2017-1.pdf\">Ing. Gustavo \u00c1lvarez <\/a><\/span><\/span>la cual esta en disposici\u00f3n del estudio en las diferentes disciplinas de la protecci\u00f3n vegetal, con amplia experiencia en diagnostico parasitol\u00f3gico, docencia e investigaci\u00f3n. en \u00e1mbitos de infraestructura cuenta con: equipo moderno, instalaciones y materiales e insumos para la ejecuci\u00f3n de diagn\u00f3sticos en patolog\u00eda y entomolog\u00eda.<\/p>\n<p style=\"text-align: justify;\">Tambi\u00e9n ofrece los servicios de capacitaci\u00f3n e investigaci\u00f3n en los temas relacionados a la protecci\u00f3n vegetal.<\/p>\n<style id=\"bwg-style-0\">      #bwg_container1_0 #bwg_container2_0 .image_browser_images_conteiner_0 * {        -moz-box-sizing: border-box;        box-sizing: border-box;      }      #bwg_container1_0 #bwg_container2_0 .image_browser_images_conteiner_0{\t\t\t\tbackground-color: rgba(245, 245, 245, 0.90);\t\t\t\ttext-align: center;\t\t\t\twidth: 100%;\t\t\t\tborder-style: none;\t\t\t\tborder-width: 2px;\t\t\t\tborder-color: #F7F7F7;\t\t\t\tpadding: 4px;\t\t\t\tborder-radius: 0;\t\t\t\tposition:relative;      }      #bwg_container1_0 #bwg_container2_0 .image_browser_images_0 {\t\t\t\tdisplay: inline-block;\t\t\t\t-moz-box-sizing: border-box;\t\t\t\tbox-sizing: border-box;\t\t\t\tfont-size: 0;\t\t\t\ttext-align: center;\t\t\t\tmax-width: 100%;\t\t\t\twidth: 800px;      }      #bwg_container1_0 #bwg_container2_0 .image_browser_image_buttons_conteiner_0 {\t\t\t\ttext-align: center;      }      #bwg_container1_0 #bwg_container2_0 .image_browser_image_buttons_0 {\t\t\t\tdisplay: inline-block;\t\t\t\twidth:100%;      }      #bwg_container1_0 #bwg_container2_0 .bwg_image_browser_image_0 {        background-color: rgba(235, 235, 235, 0.80);\t\t\t\ttext-align: center;\t\t\t\tdisplay: inline-block;\t\t\t\tvertical-align: middle;\t\t\t\tmargin: 2px auto;\t\t\t\tpadding: 4px;\t\t\t\tborder-radius: 0;\t\t\t\tborder: 1px none #F5F5F5;\t\t\t\tbox-shadow: ;\t\t\t\t\/*z-index: 100;*\/\t\t\t\tposition: relative;      }      #bwg_container1_0 #bwg_container2_0 .bwg_image_alt_0{\t\t\t\tdisplay: table;\t\t\t\twidth: 100%;\t\t\t\tfont-size: 15px;\t\t\t\tfont-family: Ubuntu;\t\t\t\tcolor: #000000;\t\t\t\ttext-align:center;\t\t\t\tpadding-left: 8px;        word-break: break-word;      }      #bwg_container1_0 #bwg_container2_0 .bwg_image_browser_img_0 {        padding: 0 !important;\t\t\t\tmax-width: 100% !important;\t\t\t\theight: inherit !important;\t\t\t\twidth: 100%;\t\t\t\t      }      @media only screen and (max-width : 320px) {\t\t\t\t#bwg_container1_0 #bwg_container2_0 .displaying-num_0 {\t\t\t\t  display: none;\t\t\t\t}\t\t\t\t#bwg_container1_0 #bwg_container2_0 .bwg_image_alt_0 {\t\t\t\t  font-size: 10px !important;\t\t\t\t}\t\t\t\t#bwg_container1_0 #bwg_container2_0 .bwg_watermark_text_0,\t\t\t\t#bwg_container1_0 #bwg_container2_0 .bwg_watermark_text_0:hover {\t\t\t\t  font-size: 10px !important;\t\t\t\t  text-decoration: none;\t\t\t\t  margin: 4px;\t\t\t\t  font-family: segoe ui;\t\t\t\t  color: #FFFFFF !important;\t\t\t\t  opacity: 0.30;\t\t\t  \tfilter: Alpha(opacity=30);          text-decoration: none;\t\t\t\t  position: relative;\t\t\t\t  z-index: 10141;\t\t\t\t}\t\t\t\t#bwg_container1_0 #bwg_container2_0 .bwg_image_browser_image_description_0 {          color: #000000;\t\t\t\t  display: table;\t\t\t\t  width: 100%;\t\t\t\t  text-align: left;\t\t\t\t  font-size: 8px !important;\t\t\t\t  font-family: Ubuntu;\t\t\t\t  padding: 8px 8px 8px 8px;\t\t\t\t  \/*word-break: break-all;*\/\t\t\t\t  border-style: none;\t\t\t\t  background-color: #EBEBEB;\t\t\t\t  border-radius: 0;\t\t\t\t  border-width: 1px;\t\t\t\t}        \t\t\t\t#bwg_container1_0 #bwg_container2_0 .tablenav-pages_0 a {\t\t\t\t  font-size: 10px !important;\t\t\t\t}\t\t\t\t      }      #bwg_container1_0 #bwg_container2_0 .bwg_image_browser_image_desp_0 {\t\t\t\tdisplay: table;\t\t\t\tclear: both;\t\t\t\ttext-align: center;        padding: 0px 5px 0px 5px;\t\t\t\twidth: 100%;      }      #bwg_container1_0 #bwg_container2_0 .bwg_image_browser_image_description_0 {        color: #000000;\t\t\t\tdisplay: table;\t\t\t\twidth: 100%;\t\t\t\ttext-align: left;\t\t\t\tfont-size: 15px;\t\t\t\tfont-family: Ubuntu;\t\t\t\tpadding: 8px 8px 8px 8px;\t\t\t\tword-break: break-word;\t\t\t\tborder-style: none;\t\t\t\tbackground-color: #EBEBEB;\t\t\t\tborder-radius: 0;\t\t\t\tborder-width: 1px;      }      #bwg_container1_0 #bwg_container2_0 .bwg_image_browser_image_alt_0 {      \tdisplay:table;        clear: both;        text-align: center;        padding: 8px;        width: 100%;      }      \/*watermark*\/      #bwg_container1_0 #bwg_container2_0 .bwg_watermark_text_0,      #bwg_container1_0 #bwg_container2_0 .bwg_watermark_text_0:hover {\t\t\t\ttext-decoration: none;\t\t\t\tmargin: 4px;\t\t\t\tfont-size: 20px;\t\t\t\tfont-family: segoe ui;\t\t\t\tcolor: #FFFFFF !important;\t\t\t\topacity: 0.30;\t\t\t\tfilter: Alpha(opacity=30);\t\t\t\tposition: relative;\t\t\t\tz-index: 10141;      }      #bwg_container1_0 #bwg_container2_0 .bwg_image_browser_image_contain_0{\t\t\t\tposition: absolute;\t\t\t\ttext-align: center;\t\t\t\tvertical-align: middle;\t\t\t\twidth: 100%;\t\t\t\theight: 100%;\t\t\t\tcursor: pointer;      }      #bwg_container1_0 #bwg_container2_0 .bwg_image_browser_watermark_contain_0{        display: table;\t\t\t\tvertical-align: middle;\t\t\t\twidth: 100%;\t\t\t\theight: 100%;      }\t       #bwg_container1_0 #bwg_container2_0 .bwg_image_browser_watermark_cont_0{        display: table-cell;\t\t\t\ttext-align: ;\t\t\t\tposition: relative;\t\t\t\tvertical-align: ;      }      #bwg_container1_0 #bwg_container2_0 .bwg_image_browser_watermark_0{\t\t\t\tdisplay: inline-block;\t\t\t\toverflow: hidden;\t\t\t\tposition: relative;\t\t\t\tvertical-align: middle;\t\t\t\tz-index: 10140;\t\t\t\twidth: 90px;\t\t\t\tmax-width: 11.25%;\t\t\t\tmargin: 10px 10px 10px 10px ;      }      #bwg_container1_0 #bwg_container2_0 .bwg_image_browser_watermark_text_0{        display: inline-block;\t\t\t\toverflow: hidden;\t\t\t\tposition: relative;\t\t\t\tvertical-align: middle;\t\t\t\tz-index: 10140;\t\t\t\tmargin: 10px 10px 10px 10px ;      }      #bwg_container1_0 #bwg_container2_0 .bwg_image_browser_watermark_img_0{\t\t\t\tmax-width: 100%;\t\t\t\topacity: 0.30;\t\t\t\tfilter: Alpha(opacity=30);\t\t\t\tposition: relative;\t\t\t\tz-index: 10141;      }      #bwg_container1_0 #bwg_container2_0 .bwg_none_selectable {        -webkit-touch-callout: none;        -webkit-user-select: none;        -khtml-user-select: none;        -moz-user-select: none;        -ms-user-select: none;        user-select: none;       ecoration: none;    }    #bwg_container1_0 #bwg_container2_0 .bwg_gal_title_0 {      background-color: rgba(0, 0, 0, 0);      color: #323A45;      display: block;      font-family: Ubuntu;      font-size: 16px;      font-weight: bold;      padding: 2px;      text-shadow: 0px 0px 0px #888888;      text-align: center;    }    <\/style>    <div id=\"bwg_container1_0\"         class=\"bwg_container bwg_thumbnail bwg_image_browser\"         data-right-click-protection=\"0\"         data-bwg=\"0\"         data-lightbox-url=\"http:\/\/uviger.fausac.gt\/wp-admin\/admin-ajax.php?action=GalleryBox&tags=0&current_view=0&gallery_id=3&theme_id=1&thumb_width=250&thumb_height=140&open_with_fullscreen=1&open_with_autoplay=0&image_width=800&image_height=500&image_effect=fade&wd_sor=order&wd_ord=asc&enable_image_filmstrip=1&image_filmstrip_height=60&enable_image_ctrl_btn=1&enable_image_fullscreen=1&popup_enable_info=1&popup_info_always_show=0&popup_info_full_width=1&popup_hit_counter=0&popup_enable_rate=0&slideshow_interval=2.5&enable_comment_social=1&enable_image_facebook=1&enable_image_twitter=1&enable_image_google=1&enable_image_ecommerce=1&enable_image_pinterest=0&enable_image_tumblr=0&watermark_type=none&slideshow_effect_duration=0.1&current_url=http%3A%2F%2Fuviger.fausac.gt%2Findex.php%3Frest_route%3D%252Fwp%252Fv2%252Fpages%252F126&popup_enable_email=1&popup_enable_captcha=0&comment_moderation=0&autohide_lightbox_navigation=0&popup_enable_fullsize_image=0&popup_enable_download=0&show_image_counts=0&enable_loop=1&enable_addthis=0&addthis_profile_id\"         data-gallery-id=\"3\"         data-popup-width=\"800\"         data-popup-height=\"500\"         data-buttons-position=\"bottom\"         data-bwg=\"0\">      <div id=\"bwg_container2_0\">            <div id=\"ajax_loading_0\" class=\"bwg_loading_div_1\">      <div class=\"bwg_loading_div_2\">        <div class=\"bwg_loading_div_3\">          <div id=\"loading_div_0\" class=\"bwg_spider_ajax_loading\">          <\/div>        <\/div>      <\/div>    <\/div>            <form id=\"gal_front_form_0\"              class=\"bwg-hidden\"              method=\"post\"              action=\"#\"              data-current=\"0\"              data-shortcode-id=\"6\"              data-gallery-type=\"image_browser\"              data-gallery-id=\"3\"              data-tag=\"0\"              data-album-id=\"0\"              data-theme-id=\"1\"              data-ajax-url=\"http:\/\/uviger.fausac.gt\/wp-admin\/admin-ajax.php?action=bwg_frontend_data\">          <div id=\"bwg_container3_0\" class=\"bwg-background bwg-background-0\">                <div id=\"bwg_image_browser_0\" class=\"image_browser_images_conteiner_0\" data-params='{\"is_pro\":false,\"image_right_click\":0,\"gallery_id\":\"3\"}'>      <div class=\"image_browser_images_0\">                  <div class=\"image_browser_image_buttons_conteiner_0\">            <div class=\"image_browser_image_buttons_0\">                              <div class=\"bwg_image_browser_image_alt_0\">                  <div class=\"bwg_image_alt_0\" id=\"alt14\">                    Centro de Diagn\u00f3stico Parasitol\u00f3gico                  <\/div>                <\/div>                              <div class=\"bwg_image_browser_image_0\">                                  <a style=\"position:relative;\"  class=\"bwg_lightbox\" data-image-id=\"14\">                    <img class=\"skip-lazy bwg-item0 bwg_image_browser_img bwg_image_browser_img_0\" src=\"http:\/\/uviger.fausac.gt\/wp-content\/uploads\/photo-gallery\/Alberto_Samayoa\/CENDIAG5.jpg?bwg=1556903468\" alt=\"Centro de Diagn\u00f3stico Parasitol\u00f3gico\" \/>                  <\/a>                                <\/div>                              <div class=\"bwg_image_browser_image_desp_0\">                  <div class=\"bwg_image_browser_image_description_0\" id=\"alt14\">                    Instalaciones del Centro de Diagn\u00f3stico Parasitol\u00f3gico                  <\/div>                <\/div>                            <\/div>          <\/div>                <\/div>    <\/div>    <style>      \/*pagination styles*\/      #bwg_container1_0 #bwg_container2_0 .tablenav-pages_0 {      text-align: center;      font-size: 12px;      font-family: Ubuntu;      font-weight: bold;      color: #666666;      margin: 6px 0 4px;      display: block;      height: 30px;      line-height: 30px;      }      @media only screen and (max-width : 320px) {      #bwg_container1_0 #bwg_container2_0 .displaying-num_0 {      display: none;      }      }      #bwg_container1_0 #bwg_container2_0 .displaying-num_0 {      font-size: 12px;      font-family: Ubuntu;      font-weight: bold;      color: #666666;      margin-right: 10px;      vertical-align: middle;      }      #bwg_container1_0 #bwg_container2_0 .paging-input_0 {      font-size: 12px;      font-family: Ubuntu;      font-weight: bold;      color: #666666;      vertical-align: middle;      }      #bwg_container1_0 #bwg_container2_0 .tablenav-pages_0 a.disabled,      #bwg_container1_0 #bwg_container2_0 .tablenav-pages_0 a.disabled:hover,      #bwg_container1_0 #bwg_container2_0 .tablenav-pages_0 a.disabled:focus {      cursor: default;      color: rgba(102, 102, 102, 0.5);      }      #bwg_container1_0 #bwg_container2_0 .tablenav-pages_0 a {      cursor: pointer;      font-size: 12px;      font-family: Ubuntu;      font-weight: bold;      color: #666666;      text-decoration: none;      padding: 3px 6px;      margin: 0;      border-radius: 0;      border-style: solid;      border-width: 1px;      border-color: #E3E3E3;      background-color: #FFFFFF;      opacity: 1.00;      filter: Alpha(opacity=100);      box-shadow: 0;      transition: all 0.3s ease 0s;-webkit-transition: all 0.3s ease 0s;      }            #bwg_container1_0 #bwg_container2_0 .tablenav-pages_0 a.next-page:hover,      #bwg_container1_0 #bwg_container2_0 .tablenav-pages_0 a.prev-page:hover {        color: #000000;      }      #bwg_container1_0 #bwg_container2_0 .tablenav-pages_0 .first-page,      #bwg_container1_0 #bwg_container2_0 .tablenav-pages_0 .last-page {        padding: 0% 7%;      }      #bwg_container1_0 #bwg_container2_0 .tablenav-pages_0 .next-page {        margin: 0% 4% 0% 0%;      }      #bwg_container1_0 #bwg_container2_0 .tablenav-pages_0 .prev-page {        margin: 0% 0% 0% 4%;      }      #bwg_container1_0 #bwg_container2_0 .tablenav-pages_0 a {        font-size: 15px !important;        padding: 0% 7% !important;        border-style: none !important;        border-width: 1px;        border-color: #E3E3E3;        background-color: #FFFFFF;        opacity: 1.00;        filter: Alpha(opacity=100);        transition: all 0.3s ease 0s;-webkit-transition: all 0.3s ease 0s;      }      #bwg_container1_0 #bwg_container2_0 .tablenav-pages_0 {        background-color: rgba(245, 245, 245, 0.90);        margin-top: 0;      }      <\/style>      <span class=\"bwg_nav_cont_0\">          <div class=\"tablenav-pages_0\">              <span class=\"pagination-links_0\">        <a class=\"first-page disabled\" title=\"Go to the first page\">\u00ab<\/a>        <a class=\"prev-page disabled\" title=\"Go to the previous page\" >\u2039<\/a>        <span class=\"paging-input_0\">          <span class=\"total-pages_0\">1<\/span> of          <span class=\"total-pages_0\">            5          <\/span>        <\/span>        <a class=\"next-page-0\" title=\"Go to the next page\" href=\"\/index.php?rest_route=%2Fwp%2Fv2%2Fpages%2F126&#038;page_number_0=2\">\u203a<\/a>        <a class=\"last-page-0\" title=\"Go to the last page\">\u00bb<\/a>      <\/span>            <\/div>          <input type=\"hidden\" id=\"page_number_0\" name=\"page_number_0\" value=\"1\" \/>    <script type=\"text\/javascript\">      function spider_page_0(cur, x, y, load_more) {        if (typeof load_more == \"undefined\") {          var load_more = false;        }        if (jQuery(cur).hasClass('disabled')) {          return false;        }        var items_county_0 = 5;        switch (y) {          case 1:            if (x >= items_county_0) {              document.getElementById('page_number_0').value = items_county_0;            }            else {              document.getElementById('page_number_0').value = x + 1;            }            break;          case 2:            document.getElementById('page_number_0').value = items_county_0;            break;          case -1:            if (x == 1) {              document.getElementById('page_number_0').value = 1;            }            else {              document.getElementById('page_number_0').value = x - 1;            }            break;          case -2:            document.getElementById('page_number_0').value = 1;            break;          default:            document.getElementById('page_number_0').value = 1;        }        bwg_ajax('gal_front_form_0', '0', 'bwg_image_browser_0', '0', '', '', 0, '', '', load_more);      }      jQuery('.first-page disabled').on('click', function () {        spider_page_0(this, 1, -2, 'numeric');      });      jQuery('.prev-page disabled').on('click', function () {        spider_page_0(this, 1, -1, 'numeric');        return false;      });      jQuery('.next-page-0').on('click', function () {        spider_page_0(this, 1, 1, 'numeric');        return false;      });      jQuery('.last-page-0').on('click', function () {        spider_page_0(this, 1, 2, 'numeric');      });      jQuery('.bwg_load_btn_0').on('click', function () {        spider_page_0(this, 1, 1, true);        return false;      });    <\/script>    <\/span>                <\/div>        <\/form>        <style>          #bwg_container1_0 #bwg_container2_0 #spider_popup_overlay_0 {          background-color: #EEEEEE;          opacity: 0.60;          filter: Alpha(opacity=60);          }          <\/style>        <div id=\"bwg_spider_popup_loading_0\" class=\"bwg_spider_popup_loading\"><\/div>        <div id=\"spider_popup_overlay_0\" class=\"spider_popup_overlay\" onclick=\"spider_destroypopup(1000)\"><\/div>                <\/div>    <\/div>    <script>      jQuery(document).ready(function () {        bwg_main_ready();      });    <\/script>    \n<p style=\"text-align: justify;\"><strong>\u00bfQu\u00e9 servicios que Presta?<\/strong><\/p>\n<p><strong>Diagn\u00f3stico en las \u00e1reas de<\/strong><\/p>\n<ul>\n<li>Fitopatolog\u00eda<\/li>\n<li>Nematolog\u00eda<\/li>\n<li>Entomolog\u00eda y Acarolog\u00eda<\/li>\n<li>Determinaci\u00f3n de Plantas<\/li>\n<li>Determinaci\u00f3n de Malezas<\/li>\n<li>An\u00e1lisis de Viabilidad Pureza y de Semillas<\/li>\n<\/ul>\n<p><strong>Asistencia t\u00e9cnica en:<\/strong><\/p>\n<ul>\n<li>Toma de Muestras<\/li>\n<li>Manejo de Plagas<\/li>\n<li>Control de Plagas<\/li>\n<\/ul>\n<p><strong>Capacitaci\u00f3n en:<\/strong><\/p>\n<ul>\n<li>Patolog\u00eda Vegetal<\/li>\n<li>Entomolog\u00eda<\/li>\n<li>Malezas<\/li>\n<li>Uso de Plaguicidas<\/li>\n<li>Epidemiolog\u00eda<\/li>\n<li>Manejo Integrado<\/li>\n<\/ul>\n<p><strong>Investigaciones<\/strong><\/p>\n<p>Asistencia en programas de investigaci\u00f3n b\u00e1sica y aplicada relacionada a la protecci\u00f3n vegetal en cultivos tradicionales y de exportaci\u00f3n as\u00ed como forestales.<\/p>\n<p><strong>Costos de los servicios que presta el centro de diagn\u00f3stico Parasitol\u00f3gico.<\/strong><\/p>\n<table style=\"height: 413px;\" width=\"733\">\n<tbody>\n<tr>\n<td width=\"294\">\n<p style=\"text-align: center;\"><strong>SERVICIOS<\/strong><\/p>\n<\/td>\n<td width=\"294\">\n<p style=\"text-align: center;\"><strong>COSTOS<\/strong><\/p>\n<\/td>\n<\/tr>\n<tr>\n<td style=\"text-align: left;\" width=\"294\">Diagnostico Fitopatol\u00f3gico<\/td>\n<td width=\"294\">\n<p style=\"text-align: right;\">Q.75.00<\/p>\n<p style=\"text-align: right;\">\n<\/td>\n<\/tr>\n<tr>\n<td width=\"294\">Diagnostico Entomol\u00f3gico<\/p>\n<p>(Por g\u00e9nero determinado)<\/td>\n<td width=\"294\">\n<p style=\"text-align: right;\">Q.75.00<\/p>\n<\/td>\n<\/tr>\n<tr>\n<td width=\"294\">Determinaci\u00f3n de Plantas<\/p>\n<p>(Plantas o semillas por g\u00e9nero)<\/td>\n<td width=\"294\">\n<p style=\"text-align: right;\">Q.75.00<\/p>\n<\/td>\n<\/tr>\n<tr>\n<td width=\"294\">An\u00e1lisis de Nematodos<\/td>\n<td width=\"294\">\n<p style=\"text-align: right;\">Q.75.00<\/p>\n<\/td>\n<\/tr>\n<tr>\n<td width=\"294\">Asistencia t\u00e9cnica en:<\/p>\n<p>\u00b7\u00a0\u00a0\u00a0\u00a0\u00a0\u00a0\u00a0\u00a0 Toma de muestras<\/p>\n<p>\u00b7\u00a0\u00a0\u00a0\u00a0\u00a0\u00a0\u00a0\u00a0 Monitoreo de Plagas<\/p>\n<p>\u00b7\u00a0\u00a0\u00a0\u00a0\u00a0\u00a0\u00a0\u00a0 Control de Plagas<\/td>\n<td style=\"text-align: right;\" width=\"294\">Q. 850\/d\u00eda\/t\u00e9cnico (m\u00e1s gastos de transporte, alimentaci\u00f3n y hospedaje)<\/td>\n<\/tr>\n<tr>\n<td width=\"294\">Capacitaci\u00f3n:<\/td>\n<td style=\"text-align: right;\" width=\"294\">Q. 425\/hora\/conferencista<\/td>\n<\/tr>\n<\/tbody>\n<\/table>\n<p>Mayor informaci\u00f3n<\/p>\n<ul>\n<li><strong>Contacto:<\/strong> Ing. Agr. Gustavo \u00c1lvarez<\/li>\n<li><strong>Direcci\u00f3n:<\/strong> Edificio UVIGER, 3er. Nivel, Ciudad Universitaria<\/li>\n<li><strong>Tel\u00e9fonos<\/strong>: 24189317 extensi\u00f3n 104<\/li>\n<li><strong>Correo electr\u00f3nico:<\/strong>\u00a0cendiagagri@gmail.com<\/li>\n<\/ul>\n","protected":false},"excerpt":{"rendered":"<p>Es una unidad de servicios y de extensi\u00f3n de la Facultad de Agronom\u00eda de la USAC que ofrece servicios relacionados a la protecci\u00f3n vegetal en forma no lucrativa, al sector agr\u00edcola de Guatemala. Cuenta con un equipo de profesionales especializados como el Ing. Gustavo \u00c1lvarez la cual esta en disposici\u00f3n del estudio en las diferentes<\/p>\n","protected":false},"author":2,"featured_media":0,"parent":0,"menu_order":0,"comment_status":"closed","ping_status":"closed","template":"","meta":[],"_links":{"self":[{"href":"http:\/\/uviger.fausac.gt\/index.php?rest_route=\/wp\/v2\/pages\/126"}],"collection":[{"href":"http:\/\/uviger.fausac.gt\/index.php?rest_route=\/wp\/v2\/pages"}],"about":[{"href":"http:\/\/uviger.fausac.gt\/index.php?rest_route=\/wp\/v2\/types\/page"}],"author":[{"embeddable":true,"href":"http:\/\/uviger.fausac.gt\/index.php?rest_route=\/wp\/v2\/users\/2"}],"replies":[{"embeddable":true,"href":"http:\/\/uviger.fausac.gt\/index.php?rest_route=%2Fwp%2Fv2%2Fcomments&post=126"}],"version-history":[{"count":17,"href":"http:\/\/uviger.fausac.gt\/index.php?rest_route=\/wp\/v2\/pages\/126\/revisions"}],"predecessor-version":[{"id":332,"href":"http:\/\/uviger.fausac.gt\/index.php?rest_route=\/wp\/v2\/pages\/126\/revisions\/332"}],"wp:attachment":[{"href":"http:\/\/uviger.fausac.gt\/index.php?rest_route=%2Fwp%2Fv2%2Fmedia&parent=126"}],"curies":[{"name":"wp","href":"https:\/\/api.w.org\/{rel}","templated":true}]}}