{"id":145,"date":"2017-03-08T16:06:40","date_gmt":"2017-03-08T16:06:40","guid":{"rendered":"http:\/\/uviger.fausac.gt\/?page_id=145"},"modified":"2017-04-24T09:19:55","modified_gmt":"2017-04-24T15:19:55","slug":"laboratorio-de-unidad-de-sistemas-de-informacion-geografica","status":"publish","type":"page","link":"http:\/\/uviger.fausac.gt\/?page_id=145","title":{"rendered":"Unidad de Sistemas de Informaci\u00f3n Geogr\u00e1fica (USIG)"},"content":{"rendered":"<p style=\"text-align: justify;\">\u00a0La Unidad de Sistemas de Informaci\u00f3n Geogr\u00e1fica -USIG-, es una unidad estructural de la Facultad de Agronom\u00eda, adscrita al Instituto de Investigaciones Agron\u00f3micas -IIA-, creada con el prop\u00f3sito de desarrollar la tecnolog\u00eda de Sistemas de Informaci\u00f3n Geogr\u00e1fica y generar informaci\u00f3n en el campo de la Geom\u00e1tica. La Unidad de Sistemas de Informaci\u00f3n Geogr\u00e1fica es de apoyo a la investigaci\u00f3n y docencia en la FAUSAC, as\u00ed como para la prestaci\u00f3n de servicios a personal e instituciones que lo requieran.<\/p>\n<p style=\"text-align: justify;\"><img decoding=\"async\" loading=\"lazy\" class=\"alignnone size-medium wp-image-147\" src=\"http:\/\/uviger.fausac.gt\/wp-content\/uploads\/2017\/03\/usig-300x225.jpg\" alt=\"\" width=\"300\" height=\"225\" srcset=\"http:\/\/uviger.fausac.gt\/wp-content\/uploads\/2017\/03\/usig-300x225.jpg 300w, http:\/\/uviger.fausac.gt\/wp-content\/uploads\/2017\/03\/usig.jpg 640w\" sizes=\"(max-width: 300px) 100vw, 300px\" \/>\u00a0 \u00a0 \u00a0\u00a0<img decoding=\"async\" loading=\"lazy\" class=\"alignnone size-medium wp-image-146\" src=\"http:\/\/uviger.fausac.gt\/wp-content\/uploads\/2017\/03\/usig-41-300x225.jpg\" alt=\"\" width=\"300\" height=\"225\" srcset=\"http:\/\/uviger.fausac.gt\/wp-content\/uploads\/2017\/03\/usig-41-300x225.jpg 300w, http:\/\/uviger.fausac.gt\/wp-content\/uploads\/2017\/03\/usig-41.jpg 640w\" sizes=\"(max-width: 300px) 100vw, 300px\" \/><\/p>\n<p style=\"text-align: justify;\"><strong>Los objetivos de la Unidad de Sistemas de Informaci\u00f3n Geogr\u00e1fica son:<\/strong><\/p>\n<ul style=\"text-align: justify;\">\n<li>Contar con una unidad para mejorar y actualizar los programas de investigaci\u00f3n.<\/li>\n<\/ul>\n<ul style=\"text-align: justify;\">\n<li>Apoyar las actividades docentes a trav\u00e9s de la capacitaci\u00f3n del personal profesional que participa en las tareas de ense\u00f1anza aprendizaje.<\/li>\n<\/ul>\n<ul style=\"text-align: justify;\">\n<li>Ofrecer los medios necesarios para que el sector estudiantil de la FAUSAC pueda conocer las aplicaciones de los Sistemas de Informaci\u00f3n Geogr\u00e1fica, Sistemas de Geoposicionamiento Global, Sensores Remotos y Fotogrametr\u00eda Digital.<\/li>\n<\/ul>\n<ul style=\"text-align: justify;\">\n<li>Disponer de una unidad para la prestaci\u00f3n de servicio universitario y extrauniversitario dentro y fuera del pa\u00eds.<\/li>\n<\/ul>\n<ul style=\"text-align: justify;\">\n<li>Mantener la comunicaci\u00f3n, intercambio de informaci\u00f3n y coordinaci\u00f3n con otros centros o unidades de sistemas de informaci\u00f3n geogr\u00e1fica de Guatemala y de otros pa\u00edses.<\/li>\n<\/ul>\n<p style=\"text-align: justify;\"><strong>Misi\u00f3n<\/strong><\/p>\n<p style=\"text-align: justify;\">Formar profesionales con los conocimientos necesarios para utilizar un computador y equipos perif\u00e9ricos como herramienta que genera base de datos tabulares y espaciales, con un sistema de informaci\u00f3n geogr\u00e1fica y sistemas de Geoposicionamiento global, \u00fatiles para diversas aplicaciones como:<\/p>\n<ul style=\"text-align: justify;\">\n<li>Investigaci\u00f3n en las ciencias ambientales y agr\u00edcolas.<\/li>\n<li>Administraci\u00f3n territorial (registro y catastro)<\/li>\n<li>Caracterizaci\u00f3n y cuantificaci\u00f3n de los recursos naturales<\/li>\n<li>Manejo forestal<\/li>\n<li>Manejo de \u00e1reas protegidas y biodiversidad<\/li>\n<li>Monitoreo y evaluaci\u00f3n<\/li>\n<li>Prevenci\u00f3n de desastres<\/li>\n<li>Ordenamiento territorial<\/li>\n<li>Planeamiento urbano y rural<\/li>\n<li>Evaluaci\u00f3n de impacto ambiental<\/li>\n<li>Agricultura de precisi\u00f3n<\/li>\n<\/ul>\n<p><img decoding=\"async\" loading=\"lazy\" class=\"alignnone size-medium wp-image-150\" src=\"http:\/\/uviger.fausac.gt\/wp-content\/uploads\/2017\/03\/usig-1-300x225.jpg\" alt=\"\" width=\"300\" height=\"225\" srcset=\"http:\/\/uviger.fausac.gt\/wp-content\/uploads\/2017\/03\/usig-1-300x225.jpg 300w, http:\/\/uviger.fausac.gt\/wp-content\/uploads\/2017\/03\/usig-1.jpg 640w\" sizes=\"(max-width: 300px) 100vw, 300px\" \/><\/p>\n<p style=\"text-align: justify;\"><strong>Visi\u00f3n<\/strong><\/p>\n<p style=\"text-align: justify;\">Ser l\u00edder en educaci\u00f3n superior con excelencia acad\u00e9mica y valores, en los campos de la Geom\u00e1tica Aplicada (Sistemas de informaci\u00f3n Geogr\u00e1fica, Sistemas de Geoposicionamiento Global, Sensores Remotos y Fotogrametr\u00eda digital) en la agricultura ampliada y ciencias ambientales.<\/p>\n<p><img decoding=\"async\" loading=\"lazy\" class=\"alignnone size-medium wp-image-149\" src=\"http:\/\/uviger.fausac.gt\/wp-content\/uploads\/2017\/03\/usig-5-300x219.jpg\" alt=\"\" width=\"300\" height=\"219\" srcset=\"http:\/\/uviger.fausac.gt\/wp-content\/uploads\/2017\/03\/usig-5-300x219.jpg 300w, http:\/\/uviger.fausac.gt\/wp-content\/uploads\/2017\/03\/usig-5.jpg 617w\" sizes=\"(max-width: 300px) 100vw, 300px\" \/><\/p>\n","protected":false},"excerpt":{"rendered":"<p>\u00a0La Unidad de Sistemas de Informaci\u00f3n Geogr\u00e1fica -USIG-, es una unidad estructural de la Facultad de Agronom\u00eda, adscrita al Instituto de Investigaciones Agron\u00f3micas -IIA-, creada con el prop\u00f3sito de desarrollar la tecnolog\u00eda de Sistemas de Informaci\u00f3n Geogr\u00e1fica y generar informaci\u00f3n en el campo de la Geom\u00e1tica. La Unidad de Sistemas de Informaci\u00f3n Geogr\u00e1fica es de<\/p>\n","protected":false},"author":2,"featured_media":0,"parent":0,"menu_order":0,"comment_status":"closed","ping_status":"closed","template":"","meta":[],"_links":{"self":[{"href":"http:\/\/uviger.fausac.gt\/index.php?rest_route=\/wp\/v2\/pages\/145"}],"collection":[{"href":"http:\/\/uviger.fausac.gt\/index.php?rest_route=\/wp\/v2\/pages"}],"about":[{"href":"http:\/\/uviger.fausac.gt\/index.php?rest_route=\/wp\/v2\/types\/page"}],"author":[{"embeddable":true,"href":"http:\/\/uviger.fausac.gt\/index.php?rest_route=\/wp\/v2\/users\/2"}],"replies":[{"embeddable":true,"href":"http:\/\/uviger.fausac.gt\/index.php?rest_route=%2Fwp%2Fv2%2Fcomments&post=145"}],"version-history":[{"count":5,"href":"http:\/\/uviger.fausac.gt\/index.php?rest_route=\/wp\/v2\/pages\/145\/revisions"}],"predecessor-version":[{"id":298,"href":"http:\/\/uviger.fausac.gt\/index.php?rest_route=\/wp\/v2\/pages\/145\/revisions\/298"}],"wp:attachment":[{"href":"http:\/\/uviger.fausac.gt\/index.php?rest_route=%2Fwp%2Fv2%2Fmedia&parent=145"}],"curies":[{"name":"wp","href":"https:\/\/api.w.org\/{rel}","templated":true}]}}