{"id":161,"date":"2017-03-10T22:54:44","date_gmt":"2017-03-10T22:54:44","guid":{"rendered":"http:\/\/uviger.fausac.gt\/?page_id=161"},"modified":"2019-05-03T11:04:49","modified_gmt":"2019-05-03T17:04:49","slug":"unidad-de-analisis-de-datos-unad","status":"publish","type":"page","link":"http:\/\/uviger.fausac.gt\/?page_id=161","title":{"rendered":"Unidad de An\u00e1lisis de Datos (UNAD)"},"content":{"rendered":"<p style=\"text-align: justify;\"><img decoding=\"async\" loading=\"lazy\" class=\"size-medium wp-image-162 aligncenter\" src=\"http:\/\/uviger.fausac.gt\/wp-content\/uploads\/2017\/03\/UNAD_logo-235x300.png\" alt=\"\" width=\"235\" height=\"300\" srcset=\"http:\/\/uviger.fausac.gt\/wp-content\/uploads\/2017\/03\/UNAD_logo-235x300.png 235w, http:\/\/uviger.fausac.gt\/wp-content\/uploads\/2017\/03\/UNAD_logo.png 322w\" sizes=\"(max-width: 235px) 100vw, 235px\" \/><\/p>\n<p style=\"text-align: justify;\"><span style=\"font-weight: 400;\">La Unidad de An\u00e1lisis de Datos (UNAD) es la secci\u00f3n del <a href=\"http:\/\/cete.fausac.gt\"><span style=\"text-decoration: underline;\">Centro de Telem\u00e1tica (CETE)<\/span><\/a> &nbsp;responsable de apoyar el procesamiento de datos producidos por la Facultad de Agronom\u00eda, otras unidades acad\u00e9micas de la Universidad de San Carlos, organizaciones privadas y gubernamentales o bien personas individuales que requieran de la captura, almacenamiento, an\u00e1lisis y presentaci\u00f3n de datos. Adem\u00e1s la UNAD brinda acompa\u00f1amiento mediante la capacitaci\u00f3n en todas estas etapas del manejo de datos.<\/span><\/p>\n<p style=\"text-align: justify;\"><span style=\"font-weight: 400;\">La UNAD brinda a todos los usuarios que lo requieran tres grandes grupos de servicios: asesor\u00eda, an\u00e1lisis de datos y capacitaci\u00f3n en m\u00e9todos de an\u00e1lisis de informaci\u00f3n.<\/span><\/p>\n<p style=\"text-align: justify;\"><span style=\"font-weight: 400;\">Las instalaciones de la UNAD se ubican en el segundo nivel de la Unidad de Vinculaci\u00f3n y Gesti\u00f3n de Recursos (UVIGER).<\/span><\/p>\n\n\n<style id=\"bwg-style-0\">      #bwg_container1_0 #bwg_container2_0 .image_browser_images_conteiner_0 * {        -moz-box-sizing: border-box;        box-sizing: border-box;      }      #bwg_container1_0 #bwg_container2_0 .image_browser_images_conteiner_0{\t\t\t\tbackground-color: rgba(245, 245, 245, 0.90);\t\t\t\ttext-align: center;\t\t\t\twidth: 100%;\t\t\t\tborder-style: none;\t\t\t\tborder-width: 2px;\t\t\t\tborder-color: #F7F7F7;\t\t\t\tpadding: 4px;\t\t\t\tborder-radius: 0;\t\t\t\tposition:relative;      }      #bwg_container1_0 #bwg_container2_0 .image_browser_images_0 {\t\t\t\tdisplay: inline-block;\t\t\t\t-moz-box-sizing: border-box;\t\t\t\tbox-sizing: border-box;\t\t\t\tfont-size: 0;\t\t\t\ttext-align: center;\t\t\t\tmax-width: 100%;\t\t\t\twidth: 800px;      }      #bwg_container1_0 #bwg_container2_0 .image_browser_image_buttons_conteiner_0 {\t\t\t\ttext-align: center;      }      #bwg_container1_0 #bwg_container2_0 .image_browser_image_buttons_0 {\t\t\t\tdisplay: inline-block;\t\t\t\twidth:100%;      }      #bwg_container1_0 #bwg_container2_0 .bwg_image_browser_image_0 {        background-color: rgba(235, 235, 235, 0.80);\t\t\t\ttext-align: center;\t\t\t\tdisplay: inline-block;\t\t\t\tvertical-align: middle;\t\t\t\tmargin: 2px auto;\t\t\t\tpadding: 4px;\t\t\t\tborder-radius: 0;\t\t\t\tborder: 1px none #F5F5F5;\t\t\t\tbox-shadow: ;\t\t\t\t\/*z-index: 100;*\/\t\t\t\tposition: relative;      }      #bwg_container1_0 #bwg_container2_0 .bwg_image_alt_0{\t\t\t\tdisplay: table;\t\t\t\twidth: 100%;\t\t\t\tfont-size: 15px;\t\t\t\tfont-family: Ubuntu;\t\t\t\tcolor: #000000;\t\t\t\ttext-align:center;\t\t\t\tpadding-left: 8px;        word-break: break-word;      }      #bwg_container1_0 #bwg_container2_0 .bwg_image_browser_img_0 {        padding: 0 !important;\t\t\t\tmax-width: 100% !important;\t\t\t\theight: inherit !important;\t\t\t\twidth: 100%;\t\t\t\t      }      @media only screen and (max-width : 320px) {\t\t\t\t#bwg_container1_0 #bwg_container2_0 .displaying-num_0 {\t\t\t\t  display: none;\t\t\t\t}\t\t\t\t#bwg_container1_0 #bwg_container2_0 .bwg_image_alt_0 {\t\t\t\t  font-size: 10px !important;\t\t\t\t}\t\t\t\t#bwg_container1_0 #bwg_container2_0 .bwg_watermark_text_0,\t\t\t\t#bwg_container1_0 #bwg_container2_0 .bwg_watermark_text_0:hover {\t\t\t\t  font-size: 10px !important;\t\t\t\t  text-decoration: none;\t\t\t\t  margin: 4px;\t\t\t\t  font-family: segoe ui;\t\t\t\t  color: #FFFFFF !important;\t\t\t\t  opacity: 0.30;\t\t\t  \tfilter: Alpha(opacity=30);          text-decoration: none;\t\t\t\t  position: relative;\t\t\t\t  z-index: 10141;\t\t\t\t}\t\t\t\t#bwg_container1_0 #bwg_container2_0 .bwg_image_browser_image_description_0 {          color: #000000;\t\t\t\t  display: table;\t\t\t\t  width: 100%;\t\t\t\t  text-align: left;\t\t\t\t  font-size: 8px !important;\t\t\t\t  font-family: Ubuntu;\t\t\t\t  padding: 8px 8px 8px 8px;\t\t\t\t  \/*word-break: break-all;*\/\t\t\t\t  border-style: none;\t\t\t\t  background-color: #EBEBEB;\t\t\t\t  border-radius: 0;\t\t\t\t  border-width: 1px;\t\t\t\t}        \t\t\t\t#bwg_container1_0 #bwg_container2_0 .tablenav-pages_0 a {\t\t\t\t  font-size: 10px !important;\t\t\t\t}\t\t\t\t      }      #bwg_container1_0 #bwg_container2_0 .bwg_image_browser_image_desp_0 {\t\t\t\tdisplay: table;\t\t\t\tclear: both;\t\t\t\ttext-align: center;        padding: 0px 5px 0px 5px;\t\t\t\twidth: 100%;      }      #bwg_container1_0 #bwg_container2_0 .bwg_image_browser_image_description_0 {        color: #000000;\t\t\t\tdisplay: table;\t\t\t\twidth: 100%;\t\t\t\ttext-align: left;\t\t\t\tfont-size: 15px;\t\t\t\tfont-family: Ubuntu;\t\t\t\tpadding: 8px 8px 8px 8px;\t\t\t\tword-break: break-word;\t\t\t\tborder-style: none;\t\t\t\tbackground-color: #EBEBEB;\t\t\t\tborder-radius: 0;\t\t\t\tborder-width: 1px;      }      #bwg_container1_0 #bwg_container2_0 .bwg_image_browser_image_alt_0 {      \tdisplay:table;        clear: both;        text-align: center;        padding: 8px;        width: 100%;      }      \/*watermark*\/      #bwg_container1_0 #bwg_container2_0 .bwg_watermark_text_0,      #bwg_container1_0 #bwg_container2_0 .bwg_watermark_text_0:hover {\t\t\t\ttext-decoration: none;\t\t\t\tmargin: 4px;\t\t\t\tfont-size: 20px;\t\t\t\tfont-family: segoe ui;\t\t\t\tcolor: #FFFFFF !important;\t\t\t\topacity: 0.30;\t\t\t\tfilter: Alpha(opacity=30);\t\t\t\tposition: relative;\t\t\t\tz-index: 10141;      }      #bwg_container1_0 #bwg_container2_0 .bwg_image_browser_image_contain_0{\t\t\t\tposition: absolute;\t\t\t\ttext-align: center;\t\t\t\tvertical-align: middle;\t\t\t\twidth: 100%;\t\t\t\theight: 100%;\t\t\t\tcursor: pointer;      }      #bwg_container1_0 #bwg_container2_0 .bwg_image_browser_watermark_contain_0{        display: table;\t\t\t\tvertical-align: middle;\t\t\t\twidth: 100%;\t\t\t\theight: 100%;      }\t       #bwg_container1_0 #bwg_container2_0 .bwg_image_browser_watermark_cont_0{        display: table-cell;\t\t\t\ttext-align: ;\t\t\t\tposition: relative;\t\t\t\tvertical-align: ;      }      #bwg_container1_0 #bwg_container2_0 .bwg_image_browser_watermark_0{\t\t\t\tdisplay: inline-block;\t\t\t\toverflow: hidden;\t\t\t\tposition: relative;\t\t\t\tvertical-align: middle;\t\t\t\tz-index: 10140;\t\t\t\twidth: 90px;\t\t\t\tmax-width: 11.25%;\t\t\t\tmargin: 10px 10px 10px 10px ;      }      #bwg_container1_0 #bwg_container2_0 .bwg_image_browser_watermark_text_0{        display: inline-block;\t\t\t\toverflow: hidden;\t\t\t\tposition: relative;\t\t\t\tvertical-align: middle;\t\t\t\tz-index: 10140;\t\t\t\tmargin: 10px 10px 10px 10px ;      }      #bwg_container1_0 #bwg_container2_0 .bwg_image_browser_watermark_img_0{\t\t\t\tmax-width: 100%;\t\t\t\topacity: 0.30;\t\t\t\tfilter: Alpha(opacity=30);\t\t\t\tposition: relative;\t\t\t\tz-index: 10141;      }      #bwg_container1_0 #bwg_container2_0 .bwg_none_selectable {        -webkit-touch-callout: none;        -webkit-user-select: none;        -khtml-user-select: none;        -moz-user-select: none;        -ms-user-select: none;        user-select: none;       ecoration: none;    }    #bwg_container1_0 #bwg_container2_0 .bwg_gal_title_0 {      background-color: rgba(0, 0, 0, 0);      color: #323A45;      display: block;      font-family: Ubuntu;      font-size: 16px;      font-weight: bold;      padding: 2px;      text-shadow: 0px 0px 0px #888888;      text-align: center;    }    <\/style>    <div id=\"bwg_container1_0\"         class=\"bwg_container bwg_thumbnail bwg_image_browser\"         data-right-click-protection=\"0\"         data-bwg=\"0\"         data-lightbox-url=\"http:\/\/uviger.fausac.gt\/wp-admin\/admin-ajax.php?action=GalleryBox&tags=0&current_view=0&gallery_id=2&theme_id=1&thumb_width=250&thumb_height=140&open_with_fullscreen=1&open_with_autoplay=0&image_width=800&image_height=500&image_effect=fade&wd_sor=order&wd_ord=asc&enable_image_filmstrip=1&image_filmstrip_height=60&enable_image_ctrl_btn=1&enable_image_fullscreen=1&popup_enable_info=1&popup_info_always_show=0&popup_info_full_width=1&popup_hit_counter=0&popup_enable_rate=0&slideshow_interval=2.5&enable_comment_social=1&enable_image_facebook=1&enable_image_twitter=1&enable_image_google=1&enable_image_ecommerce=1&enable_image_pinterest=0&enable_image_tumblr=0&watermark_type=none&slideshow_effect_duration=0.1&current_url=http%3A%2F%2Fuviger.fausac.gt%2Findex.php%3Frest_route%3D%252Fwp%252Fv2%252Fpages%252F161&popup_enable_email=1&popup_enable_captcha=0&comment_moderation=0&autohide_lightbox_navigation=0&popup_enable_fullsize_image=0&popup_enable_download=0&show_image_counts=0&enable_loop=1&enable_addthis=0&addthis_profile_id\"         data-gallery-id=\"2\"         data-popup-width=\"800\"         data-popup-height=\"500\"         data-buttons-position=\"bottom\"         data-bwg=\"0\">      <div id=\"bwg_container2_0\">            <div id=\"ajax_loading_0\" class=\"bwg_loading_div_1\">      <div class=\"bwg_loading_div_2\">        <div class=\"bwg_loading_div_3\">          <div id=\"loading_div_0\" class=\"bwg_spider_ajax_loading\">          <\/div>        <\/div>      <\/div>    <\/div>            <form id=\"gal_front_form_0\"              class=\"bwg-hidden\"              method=\"post\"              action=\"#\"              data-current=\"0\"              data-shortcode-id=\"4\"              data-gallery-type=\"image_browser\"              data-gallery-id=\"2\"              data-tag=\"0\"              data-album-id=\"0\"              data-theme-id=\"1\"              data-ajax-url=\"http:\/\/uviger.fausac.gt\/wp-admin\/admin-ajax.php?action=bwg_frontend_data\">          <div id=\"bwg_container3_0\" class=\"bwg-background bwg-background-0\">                <div id=\"bwg_image_browser_0\" class=\"image_browser_images_conteiner_0\" data-params='{\"is_pro\":false,\"image_right_click\":0,\"gallery_id\":\"2\"}'>      <div class=\"image_browser_images_0\">                  <div class=\"image_browser_image_buttons_conteiner_0\">            <div class=\"image_browser_image_buttons_0\">                              <div class=\"bwg_image_browser_image_alt_0\">                  <div class=\"bwg_image_alt_0\" id=\"alt7\">                    Unidad de An\u00e1lisis de Datos (UNAD)                  <\/div>                <\/div>                              <div class=\"bwg_image_browser_image_0\">                                  <a style=\"position:relative;\"  class=\"bwg_lightbox\" data-image-id=\"7\">                    <img class=\"skip-lazy bwg-item0 bwg_image_browser_img bwg_image_browser_img_0\" src=\"http:\/\/uviger.fausac.gt\/wp-content\/uploads\/photo-gallery\/Alberto_Samayoa\/UNAD1.jpg?bwg=1556903008\" alt=\"Unidad de An\u00e1lisis de Datos (UNAD)\" \/>                  <\/a>                                <\/div>                              <div class=\"bwg_image_browser_image_desp_0\">                  <div class=\"bwg_image_browser_image_description_0\" id=\"alt7\">                    Instalaciones de la UNAD                  <\/div>                <\/div>                            <\/div>          <\/div>                <\/div>    <\/div>    <style>      \/*pagination styles*\/      #bwg_container1_0 #bwg_container2_0 .tablenav-pages_0 {      text-align: center;      font-size: 12px;      font-family: Ubuntu;      font-weight: bold;      color: #666666;      margin: 6px 0 4px;      display: block;      height: 30px;      line-height: 30px;      }      @media only screen and (max-width : 320px) {      #bwg_container1_0 #bwg_container2_0 .displaying-num_0 {      display: none;      }      }      #bwg_container1_0 #bwg_container2_0 .displaying-num_0 {      font-size: 12px;      font-family: Ubuntu;      font-weight: bold;      color: #666666;      margin-right: 10px;      vertical-align: middle;      }      #bwg_container1_0 #bwg_container2_0 .paging-input_0 {      font-size: 12px;      font-family: Ubuntu;      font-weight: bold;      color: #666666;      vertical-align: middle;      }      #bwg_container1_0 #bwg_container2_0 .tablenav-pages_0 a.disabled,      #bwg_container1_0 #bwg_container2_0 .tablenav-pages_0 a.disabled:hover,      #bwg_container1_0 #bwg_container2_0 .tablenav-pages_0 a.disabled:focus {      cursor: default;      color: rgba(102, 102, 102, 0.5);      }      #bwg_container1_0 #bwg_container2_0 .tablenav-pages_0 a {      cursor: pointer;      font-size: 12px;      font-family: Ubuntu;      font-weight: bold;      color: #666666;      text-decoration: none;      padding: 3px 6px;      margin: 0;      border-radius: 0;      border-style: solid;      border-width: 1px;      border-color: #E3E3E3;      background-color: #FFFFFF;      opacity: 1.00;      filter: Alpha(opacity=100);      box-shadow: 0;      transition: all 0.3s ease 0s;-webkit-transition: all 0.3s ease 0s;      }            #bwg_container1_0 #bwg_container2_0 .tablenav-pages_0 a.next-page:hover,      #bwg_container1_0 #bwg_container2_0 .tablenav-pages_0 a.prev-page:hover {        color: #000000;      }      #bwg_container1_0 #bwg_container2_0 .tablenav-pages_0 .first-page,      #bwg_container1_0 #bwg_container2_0 .tablenav-pages_0 .last-page {        padding: 0% 7%;      }      #bwg_container1_0 #bwg_container2_0 .tablenav-pages_0 .next-page {        margin: 0% 4% 0% 0%;      }      #bwg_container1_0 #bwg_container2_0 .tablenav-pages_0 .prev-page {        margin: 0% 0% 0% 4%;      }      #bwg_container1_0 #bwg_container2_0 .tablenav-pages_0 a {        font-size: 15px !important;        padding: 0% 7% !important;        border-style: none !important;        border-width: 1px;        border-color: #E3E3E3;        background-color: #FFFFFF;        opacity: 1.00;        filter: Alpha(opacity=100);        transition: all 0.3s ease 0s;-webkit-transition: all 0.3s ease 0s;      }      #bwg_container1_0 #bwg_container2_0 .tablenav-pages_0 {        background-color: rgba(245, 245, 245, 0.90);        margin-top: 0;      }      <\/style>      <span class=\"bwg_nav_cont_0\">          <div class=\"tablenav-pages_0\">              <span class=\"pagination-links_0\">        <a class=\"first-page disabled\" title=\"Go to the first page\">\u00ab<\/a>        <a class=\"prev-page disabled\" title=\"Go to the previous page\" >\u2039<\/a>        <span class=\"paging-input_0\">          <span class=\"total-pages_0\">1<\/span> of          <span class=\"total-pages_0\">            3          <\/span>        <\/span>        <a class=\"next-page-0\" title=\"Go to the next page\" href=\"\/index.php?rest_route=%2Fwp%2Fv2%2Fpages%2F161&#038;page_number_0=2\">\u203a<\/a>        <a class=\"last-page-0\" title=\"Go to the last page\">\u00bb<\/a>      <\/span>            <\/div>          <input type=\"hidden\" id=\"page_number_0\" name=\"page_number_0\" value=\"1\" \/>    <script type=\"text\/javascript\">      function spider_page_0(cur, x, y, load_more) {        if (typeof load_more == \"undefined\") {          var load_more = false;        }        if (jQuery(cur).hasClass('disabled')) {          return false;        }        var items_county_0 = 3;        switch (y) {          case 1:            if (x >= items_county_0) {              document.getElementById('page_number_0').value = items_county_0;            }            else {              document.getElementById('page_number_0').value = x + 1;            }            break;          case 2:            document.getElementById('page_number_0').value = items_county_0;            break;          case -1:            if (x == 1) {              document.getElementById('page_number_0').value = 1;            }            else {              document.getElementById('page_number_0').value = x - 1;            }            break;          case -2:            document.getElementById('page_number_0').value = 1;            break;          default:            document.getElementById('page_number_0').value = 1;        }        bwg_ajax('gal_front_form_0', '0', 'bwg_image_browser_0', '0', '', '', 0, '', '', load_more);      }      jQuery('.first-page disabled').on('click', function () {        spider_page_0(this, 1, -2, 'numeric');      });      jQuery('.prev-page disabled').on('click', function () {        spider_page_0(this, 1, -1, 'numeric');        return false;      });      jQuery('.next-page-0').on('click', function () {        spider_page_0(this, 1, 1, 'numeric');        return false;      });      jQuery('.last-page-0').on('click', function () {        spider_page_0(this, 1, 2, 'numeric');      });      jQuery('.bwg_load_btn_0').on('click', function () {        spider_page_0(this, 1, 1, true);        return false;      });    <\/script>    <\/span>                <\/div>        <\/form>        <style>          #bwg_container1_0 #bwg_container2_0 #spider_popup_overlay_0 {          background-color: #EEEEEE;          opacity: 0.60;          filter: Alpha(opacity=60);          }          <\/style>        <div id=\"bwg_spider_popup_loading_0\" class=\"bwg_spider_popup_loading\"><\/div>        <div id=\"spider_popup_overlay_0\" class=\"spider_popup_overlay\" onclick=\"spider_destroypopup(1000)\"><\/div>                <\/div>    <\/div>    <script>      jQuery(document).ready(function () {        bwg_main_ready();      });    <\/script>    \n","protected":false},"excerpt":{"rendered":"<p>La Unidad de An\u00e1lisis de Datos (UNAD) es la secci\u00f3n del Centro de Telem\u00e1tica (CETE) &nbsp;responsable de apoyar el procesamiento de datos producidos por la Facultad de Agronom\u00eda, otras unidades acad\u00e9micas de la Universidad de San Carlos, organizaciones privadas y gubernamentales o bien personas individuales que requieran de la captura, almacenamiento, an\u00e1lisis y presentaci\u00f3n de<\/p>\n","protected":false},"author":2,"featured_media":0,"parent":0,"menu_order":0,"comment_status":"closed","ping_status":"closed","template":"","meta":[],"_links":{"self":[{"href":"http:\/\/uviger.fausac.gt\/index.php?rest_route=\/wp\/v2\/pages\/161"}],"collection":[{"href":"http:\/\/uviger.fausac.gt\/index.php?rest_route=\/wp\/v2\/pages"}],"about":[{"href":"http:\/\/uviger.fausac.gt\/index.php?rest_route=\/wp\/v2\/types\/page"}],"author":[{"embeddable":true,"href":"http:\/\/uviger.fausac.gt\/index.php?rest_route=\/wp\/v2\/users\/2"}],"replies":[{"embeddable":true,"href":"http:\/\/uviger.fausac.gt\/index.php?rest_route=%2Fwp%2Fv2%2Fcomments&post=161"}],"version-history":[{"count":6,"href":"http:\/\/uviger.fausac.gt\/index.php?rest_route=\/wp\/v2\/pages\/161\/revisions"}],"predecessor-version":[{"id":329,"href":"http:\/\/uviger.fausac.gt\/index.php?rest_route=\/wp\/v2\/pages\/161\/revisions\/329"}],"wp:attachment":[{"href":"http:\/\/uviger.fausac.gt\/index.php?rest_route=%2Fwp%2Fv2%2Fmedia&parent=161"}],"curies":[{"name":"wp","href":"https:\/\/api.w.org\/{rel}","templated":true}]}}