{"id":225,"date":"2017-03-30T09:55:34","date_gmt":"2017-03-30T15:55:34","guid":{"rendered":"http:\/\/uviger.fausac.gt\/?page_id=225"},"modified":"2017-04-24T10:24:08","modified_gmt":"2017-04-24T16:24:08","slug":"laboratorio-de-analisis-suelos-aguas-y-plantas","status":"publish","type":"page","link":"http:\/\/uviger.fausac.gt\/?page_id=225","title":{"rendered":"Laboratorio de An\u00e1lisis Suelos, Aguas y plantas"},"content":{"rendered":"<p><strong>Servicios:<\/strong><\/p>\n<p>T\u00e9cnicos repetitivos: en donde se encuentran el an\u00e1lisis de suelos, de plantas, de aguas, de fertilizantes, de cales y de materiales org\u00e1nicos<\/p>\n<p><strong>AN\u00c1LISIS QU\u00cdMICO\u00a0Y F\u00cdSICO\u00a0DE SUELOS<\/strong><\/p>\n<ul style=\"text-align: justify;\">\n<li><strong>AN\u00c1LISIS QU\u00cdMICOS:<\/strong><\/li>\n<\/ul>\n<p>pH (en agua, KCl, CaCl), \u00edndices nutrimentales: Nt, P, K, Ca, Mg, S, Na, Cu, Zn, Fe, Mn y B, materia org\u00e1nica, Capacidad de Intercambio Cati\u00f3nico, Bases Intercambiables (Ca, Mg, Na y K), CICe,(Capacidad de \u00a0 \u00a0 \u00a0 \u00a0 \u00a0 Intercambio Efectiva, Acidez intercambiable, Conductividad El\u00e9ctrica en extracto de pasta Saturada, Fijaci\u00f3n de nutrientes (P, K, Cu. Zn y Mn), presencia de Al\u00f3fano (m\u00e9todo cualitativo).<\/p>\n<ul style=\"text-align: justify;\">\n<li><strong>AN\u00c1LISIS F\u00cdSICOS:<\/strong><\/li>\n<\/ul>\n<p>Granulometr\u00eda (M\u00e9todo de Bouyoucos y Pipeta), Densidades Real (Picn\u00f3metro), Densidad Aparente, Color del suelo, Constantes de Humedad (33kPa y 1500kPa) y Porosidad. COLE.<\/p>\n<ul style=\"text-align: justify;\">\n<li><strong>AN\u00c1LISIS\u00a0DE TEJIDO VEGETAL:<\/strong><\/li>\n<\/ul>\n<p>Nt, P, K, Ca, Mg, S, Na, Cu, Zn, Fe, Mn y B), Materia Seca, Cenizas.<\/p>\n<ul style=\"text-align: justify;\">\n<li><strong>AN\u00c1LISIS\u00a0DE AGUAS CON FINES DE RIEGO:<\/strong><\/li>\n<\/ul>\n<p>Conductividad El\u00e9ctrica, pH, Cationes (Ca, Mg, Na y K), Microelementos\u00a0(Cu, Zn, Fe Mn y B) Aniones (Carbonatos, Nitratos, Cloruros, Bicarbonatos, Sulfatos), S\u00f3lidos Totales, en\u00a0\u00a0 Soluci\u00f3n y suspensi\u00f3n.<\/p>\n<ul style=\"text-align: justify;\">\n<li><strong>AN\u00c1LISIS\u00a0DE FERTILIZANTES:<\/strong><\/li>\n<li style=\"list-style-type: none;\">\u00a0Nt, P, K, Ca, Mg, Cu, Zn, Fe, Mn y\u00a0 B<\/li>\n<\/ul>\n<ul style=\"text-align: justify;\">\n<li><strong>AN\u00c1LISIS\u00a0DE ENMIENDADAS<\/strong><\/li>\n<\/ul>\n<p>CALES: Ca, Mg, \u00edndice de neutralizaci\u00f3n, eficiencia y granulometr\u00eda.<\/p>\n<ul style=\"text-align: justify;\">\n<li><strong>MATERIALES ORG\u00c1NICOS<\/strong>:<\/li>\n<\/ul>\n<p>Nt, P, K, Ca, Mg, Cu, Zn, Fe, Mn, C.O., C:N, pH, C.E.<\/p>\n<p><strong>Mayor Informaci\u00f3n comun\u00edquese a:\u00a0<\/strong><\/p>\n<ul>\n<li style=\"text-align: justify;\"><strong><span style=\"font-family: 'Arial Narrow','sans-serif';\">Contacto:<\/span><span class=\"apple-converted-space\"><span style=\"font-family: 'Arial Narrow','sans-serif';\">\u00a0<\/span><\/span><\/strong><span style=\"font-family: 'Arial Narrow','sans-serif';\">Ing. Agr. An\u00edbal Sacbaj\u00e1<\/span><\/li>\n<li style=\"text-align: justify;\"><strong><span style=\"font-family: 'Arial Narrow','sans-serif';\">Direcci\u00f3n:<\/span><span class=\"apple-converted-space\"><span style=\"font-family: 'Arial Narrow','sans-serif';\">\u00a0<\/span><\/span><\/strong><span style=\"font-family: 'Arial Narrow','sans-serif';\">Edificio UVIGER, 3er. Nivel, Ciudad Universitaria<\/span><\/li>\n<li style=\"text-align: justify;\"><strong><span style=\"font-family: 'Arial Narrow','sans-serif';\">Tel\u00e9fonos<\/span><span style=\"font-family: 'Arial Narrow','sans-serif';\">: <\/span><\/strong><span style=\"font-family: 'Arial Narrow','sans-serif';\">40087965<\/span><\/li>\n<li style=\"text-align: justify;\"><strong><span style=\"font-family: 'Arial Narrow','sans-serif';\">Correo electr\u00f3nico:<\/span><span class=\"apple-converted-space\"><span style=\"font-family: 'Arial Narrow','sans-serif';\">\u00a0<\/span><\/span><\/strong><span style=\"font-family: 'Arial Narrow','sans-serif';\">suelos.agro@usac.edu.gt.<\/span><\/li>\n<\/ul>\n<p>&nbsp;<\/p>\n","protected":false},"excerpt":{"rendered":"<p>Servicios: T\u00e9cnicos repetitivos: en donde se encuentran el an\u00e1lisis de suelos, de plantas, de aguas, de fertilizantes, de cales y de materiales org\u00e1nicos AN\u00c1LISIS QU\u00cdMICO\u00a0Y F\u00cdSICO\u00a0DE SUELOS AN\u00c1LISIS QU\u00cdMICOS: pH (en agua, KCl, CaCl), \u00edndices nutrimentales: Nt, P, K, Ca, Mg, S, Na, Cu, Zn, Fe, Mn y B, materia org\u00e1nica, Capacidad de Intercambio Cati\u00f3nico,<\/p>\n","protected":false},"author":2,"featured_media":0,"parent":0,"menu_order":0,"comment_status":"closed","ping_status":"closed","template":"","meta":[],"_links":{"self":[{"href":"http:\/\/uviger.fausac.gt\/index.php?rest_route=\/wp\/v2\/pages\/225"}],"collection":[{"href":"http:\/\/uviger.fausac.gt\/index.php?rest_route=\/wp\/v2\/pages"}],"about":[{"href":"http:\/\/uviger.fausac.gt\/index.php?rest_route=\/wp\/v2\/types\/page"}],"author":[{"embeddable":true,"href":"http:\/\/uviger.fausac.gt\/index.php?rest_route=\/wp\/v2\/users\/2"}],"replies":[{"embeddable":true,"href":"http:\/\/uviger.fausac.gt\/index.php?rest_route=%2Fwp%2Fv2%2Fcomments&post=225"}],"version-history":[{"count":4,"href":"http:\/\/uviger.fausac.gt\/index.php?rest_route=\/wp\/v2\/pages\/225\/revisions"}],"predecessor-version":[{"id":301,"href":"http:\/\/uviger.fausac.gt\/index.php?rest_route=\/wp\/v2\/pages\/225\/revisions\/301"}],"wp:attachment":[{"href":"http:\/\/uviger.fausac.gt\/index.php?rest_route=%2Fwp%2Fv2%2Fmedia&parent=225"}],"curies":[{"name":"wp","href":"https:\/\/api.w.org\/{rel}","templated":true}]}}