{"id":235,"date":"2017-04-05T13:18:56","date_gmt":"2017-04-05T19:18:56","guid":{"rendered":"http:\/\/uviger.fausac.gt\/?page_id=235"},"modified":"2017-04-05T13:18:56","modified_gmt":"2017-04-05T19:18:56","slug":"laboratorio-de-biotecnologia","status":"publish","type":"page","link":"http:\/\/uviger.fausac.gt\/?page_id=235","title":{"rendered":"Laboratorio de Biotecnolog\u00eda"},"content":{"rendered":"<p><img decoding=\"async\" loading=\"lazy\" class=\"size-medium wp-image-236 aligncenter\" src=\"http:\/\/uviger.fausac.gt\/wp-content\/uploads\/2017\/04\/biotecnologia-300x161.png\" alt=\"\" width=\"300\" height=\"161\" srcset=\"http:\/\/uviger.fausac.gt\/wp-content\/uploads\/2017\/04\/biotecnologia-300x161.png 300w, http:\/\/uviger.fausac.gt\/wp-content\/uploads\/2017\/04\/biotecnologia.png 562w\" sizes=\"(max-width: 300px) 100vw, 300px\" \/><\/p>\n<p style=\"text-align: justify;\">La unidad de Biotecnolog\u00eda de la Facultad de Agronom\u00eda de la Universidad de San Carlos de Guatemala, se constituye los laboratorios de Biotecnolog\u00eda Vegetal y Cultivo de C\u00e9lulas y tejidos vegetales, en los que se realizan proyectos de investigaci\u00f3n y tesis tanto de cultivo de tejidos vegetales y de t\u00e9cnicas de biolog\u00eda molecular.<\/p>\n<p style=\"text-align: justify;\">Es coordinada por un profesor titular designado por la Junta Directiva de la Facultad de Agronom\u00eda, desarrolla actividades de docencia e investigaci\u00f3n.<\/p>\n<p style=\"text-align: justify;\">La unidad operativa para la movilizaci\u00f3n de los recursos son los proyectos de investigaci\u00f3n, cada uno tiene un responsable, quien da cuenta de su desarrollo ante las instancias institucionales designadas.<\/p>\n<p style=\"text-align: justify;\">La unidad de Biotecnolog\u00eda surge como una iniciativa para ordenar, mejorar y fortalecer todo lo relacionado con el que hacer de los laboratorios de Marcadores Moleculares y de Cultivo de Tejidos.\u00a0 Se ubica en el Edificio de la Unidad de Vinculaci\u00f3n y Gesti\u00f3n (UVIGER) de la Facultad de Agronom\u00eda de la Universidad de San Carlos, como una unidad que se propone para realizar docencia, capacitaci\u00f3n, investigaci\u00f3n y servicios.\u00a0 Est\u00e1 constituida por los laboratorios de marcadores moleculares y de Cultivo de C\u00e9lulas y Tejidos (Cultivo de tejidos). Sus actividades se realizan con calidad, responsabilidad, \u00e9tica, transparencia, tolerancia, y compromiso social.<\/p>\n<p style=\"text-align: justify;\">Para alcanzar sus prop\u00f3sitos, la unidad de Biotecnolog\u00eda debe, mantener una estrecha relaci\u00f3n con los diferentes laboratorios de la Facultad de Agronom\u00eda, as\u00ed como trabajar en forma multidisciplinaria, con el recurso humano especializado de nuestra unidad acad\u00e9mica, de tal forma que la investigaci\u00f3n y el desarrollo tecnol\u00f3gico puedan ser realizados integralmente. Se espera que de esta manera, los resultados puedan ser utilizados y aplicados en beneficio del pa\u00eds.<\/p>\n<p style=\"text-align: justify;\">Como un eje complementario, pero no menos importante, la unidad de biotecnolog\u00eda debe buscar la vinculaci\u00f3n con todos los sectores externos, con el prop\u00f3sito de incrementar su pertinencia, potenciar su infraestructura y difundir el conocimiento generado.<\/p>\n<p style=\"text-align: justify;\">\n","protected":false},"excerpt":{"rendered":"<p>La unidad de Biotecnolog\u00eda de la Facultad de Agronom\u00eda de la Universidad de San Carlos de Guatemala, se constituye los laboratorios de Biotecnolog\u00eda Vegetal y Cultivo de C\u00e9lulas y tejidos vegetales, en los que se realizan proyectos de investigaci\u00f3n y tesis tanto de cultivo de tejidos vegetales y de t\u00e9cnicas de biolog\u00eda molecular. Es coordinada<\/p>\n","protected":false},"author":2,"featured_media":0,"parent":0,"menu_order":0,"comment_status":"closed","ping_status":"closed","template":"","meta":[],"_links":{"self":[{"href":"http:\/\/uviger.fausac.gt\/index.php?rest_route=\/wp\/v2\/pages\/235"}],"collection":[{"href":"http:\/\/uviger.fausac.gt\/index.php?rest_route=\/wp\/v2\/pages"}],"about":[{"href":"http:\/\/uviger.fausac.gt\/index.php?rest_route=\/wp\/v2\/types\/page"}],"author":[{"embeddable":true,"href":"http:\/\/uviger.fausac.gt\/index.php?rest_route=\/wp\/v2\/users\/2"}],"replies":[{"embeddable":true,"href":"http:\/\/uviger.fausac.gt\/index.php?rest_route=%2Fwp%2Fv2%2Fcomments&post=235"}],"version-history":[{"count":2,"href":"http:\/\/uviger.fausac.gt\/index.php?rest_route=\/wp\/v2\/pages\/235\/revisions"}],"predecessor-version":[{"id":313,"href":"http:\/\/uviger.fausac.gt\/index.php?rest_route=\/wp\/v2\/pages\/235\/revisions\/313"}],"wp:attachment":[{"href":"http:\/\/uviger.fausac.gt\/index.php?rest_route=%2Fwp%2Fv2%2Fmedia&parent=235"}],"curies":[{"name":"wp","href":"https:\/\/api.w.org\/{rel}","templated":true}]}}