{"id":248,"date":"2017-04-17T12:33:55","date_gmt":"2017-04-17T18:33:55","guid":{"rendered":"http:\/\/uviger.fausac.gt\/?page_id=248"},"modified":"2020-01-29T15:15:25","modified_gmt":"2020-01-29T21:15:25","slug":"convenios-institucionales","status":"publish","type":"page","link":"http:\/\/uviger.fausac.gt\/?page_id=248","title":{"rendered":"Convenios Institucionales con la Facultad de Agronom\u00eda"},"content":{"rendered":"<ol>\n<li style=\"text-align: justify;\">Carta de entendimiento Facultad de Agronom\u00eda de la Universidad de San Carlos de Guatemala y empresa Vista Volcanes<\/li>\n<li style=\"text-align: justify;\">Carta de cooperaci\u00f3n Institucional entre Facultades de Agronom\u00eda e Ingenier\u00eda de la Universidad de San Carlos de Guatemala.<\/li>\n<li style=\"text-align: justify;\">Carta de entendimiento entre loa Facultad de Agronom\u00eda de la Universidad de San Carlos de Guatemala y AGRO insumos, S.A. SYNGENTA.<\/li>\n<li style=\"text-align: justify;\">Carta de entendimiento entre la Facultad de Agronom\u00eda de la Universidad de San Carlos de Guatemala de la direcci\u00f3n de Formaci\u00f3n y Participaci\u00f3n Social del Ministerio de Ambiente y Recursos Naturales.<\/li>\n<li style=\"text-align: justify;\">Carta de entendimiento entre la Facultad de Agronom\u00eda de \u2013USAC.- y el organismo internacional regional de Sanidad Agropecuario-OIRSA-<\/li>\n<li style=\"text-align: justify;\">Carta de entendimiento entre el programa Moscamed Guatemala y la Facultad de Agronom\u00eda de la Universidad de San Carlos de Guatemala.<\/li>\n<\/ol>\n<p><img decoding=\"async\" loading=\"lazy\" class=\"alignnone size-full wp-image-246 alignleft\" src=\"http:\/\/uviger.fausac.gt\/wp-content\/uploads\/2017\/04\/vista-volcanes.png\" alt=\"\" width=\"152\" height=\"61\" srcset=\"http:\/\/uviger.fausac.gt\/wp-content\/uploads\/2017\/04\/vista-volcanes.png 152w, http:\/\/uviger.fausac.gt\/wp-content\/uploads\/2017\/04\/vista-volcanes-150x61.png 150w\" sizes=\"(max-width: 152px) 100vw, 152px\" \/>\u00a0 \u00a0 \u00a0 \u00a0\u00a0<img decoding=\"async\" loading=\"lazy\" class=\"alignnone wp-image-241 alignleft\" src=\"http:\/\/uviger.fausac.gt\/wp-content\/uploads\/2017\/04\/fiusac-300x148.png\" alt=\"\" width=\"158\" height=\"78\" srcset=\"http:\/\/uviger.fausac.gt\/wp-content\/uploads\/2017\/04\/fiusac-300x148.png 300w, http:\/\/uviger.fausac.gt\/wp-content\/uploads\/2017\/04\/fiusac.png 500w\" sizes=\"(max-width: 158px) 100vw, 158px\" \/>\u00a0 \u00a0 \u00a0 \u00a0\u00a0<img decoding=\"async\" loading=\"lazy\" class=\"alignnone wp-image-245 alignleft\" src=\"http:\/\/uviger.fausac.gt\/wp-content\/uploads\/2017\/04\/Syngenta_logo_white_background-300x92.png\" alt=\"\" width=\"185\" height=\"57\" srcset=\"http:\/\/uviger.fausac.gt\/wp-content\/uploads\/2017\/04\/Syngenta_logo_white_background-300x92.png 300w, http:\/\/uviger.fausac.gt\/wp-content\/uploads\/2017\/04\/Syngenta_logo_white_background-768x234.png 768w, http:\/\/uviger.fausac.gt\/wp-content\/uploads\/2017\/04\/Syngenta_logo_white_background-1024x312.png 1024w\" sizes=\"(max-width: 185px) 100vw, 185px\" \/>\u00a0 \u00a0 \u00a0 \u00a0 \u00a0 \u00a0<img decoding=\"async\" loading=\"lazy\" class=\"alignnone wp-image-242 alignleft\" src=\"http:\/\/uviger.fausac.gt\/wp-content\/uploads\/2017\/04\/ministerio-300x125.png\" alt=\"\" width=\"171\" height=\"71\" srcset=\"http:\/\/uviger.fausac.gt\/wp-content\/uploads\/2017\/04\/ministerio-300x125.png 300w, http:\/\/uviger.fausac.gt\/wp-content\/uploads\/2017\/04\/ministerio.png 347w\" sizes=\"(max-width: 171px) 100vw, 171px\" \/>\u00a0 \u00a0 \u00a0 \u00a0 \u00a0 \u00a0\u00a0<img decoding=\"async\" loading=\"lazy\" class=\"alignnone size-medium wp-image-244 alignleft\" src=\"http:\/\/uviger.fausac.gt\/wp-content\/uploads\/2017\/04\/oirsa-300x61.jpg\" alt=\"\" width=\"300\" height=\"61\" srcset=\"http:\/\/uviger.fausac.gt\/wp-content\/uploads\/2017\/04\/oirsa-300x61.jpg 300w, http:\/\/uviger.fausac.gt\/wp-content\/uploads\/2017\/04\/oirsa.jpg 488w\" sizes=\"(max-width: 300px) 100vw, 300px\" \/>\u00a0 \u00a0 \u00a0 \u00a0\u00a0<img decoding=\"async\" loading=\"lazy\" class=\"wp-image-247 alignleft\" src=\"http:\/\/uviger.fausac.gt\/wp-content\/uploads\/2017\/04\/moscamed.jpg\" alt=\"\" width=\"90\" height=\"97\" \/><\/p>\n<p><img decoding=\"async\" loading=\"lazy\" class=\"alignleft wp-image-250\" src=\"http:\/\/uviger.fausac.gt\/wp-content\/uploads\/2017\/04\/Fausac-150x150.png\" alt=\"\" width=\"110\" height=\"116\" srcset=\"http:\/\/uviger.fausac.gt\/wp-content\/uploads\/2017\/04\/Fausac-285x300.png 285w, http:\/\/uviger.fausac.gt\/wp-content\/uploads\/2017\/04\/Fausac-768x808.png 768w, http:\/\/uviger.fausac.gt\/wp-content\/uploads\/2017\/04\/Fausac-974x1024.png 974w, http:\/\/uviger.fausac.gt\/wp-content\/uploads\/2017\/04\/Fausac.png 1738w\" sizes=\"(max-width: 110px) 100vw, 110px\" \/><\/p>\n","protected":false},"excerpt":{"rendered":"<p>Carta de entendimiento Facultad de Agronom\u00eda de la Universidad de San Carlos de Guatemala y empresa Vista Volcanes Carta de cooperaci\u00f3n Institucional entre Facultades de Agronom\u00eda e Ingenier\u00eda de la Universidad de San Carlos de Guatemala. Carta de entendimiento entre loa Facultad de Agronom\u00eda de la Universidad de San Carlos de Guatemala y AGRO insumos,<\/p>\n","protected":false},"author":2,"featured_media":0,"parent":0,"menu_order":0,"comment_status":"closed","ping_status":"closed","template":"","meta":[],"_links":{"self":[{"href":"http:\/\/uviger.fausac.gt\/index.php?rest_route=\/wp\/v2\/pages\/248"}],"collection":[{"href":"http:\/\/uviger.fausac.gt\/index.php?rest_route=\/wp\/v2\/pages"}],"about":[{"href":"http:\/\/uviger.fausac.gt\/index.php?rest_route=\/wp\/v2\/types\/page"}],"author":[{"embeddable":true,"href":"http:\/\/uviger.fausac.gt\/index.php?rest_route=\/wp\/v2\/users\/2"}],"replies":[{"embeddable":true,"href":"http:\/\/uviger.fausac.gt\/index.php?rest_route=%2Fwp%2Fv2%2Fcomments&post=248"}],"version-history":[{"count":11,"href":"http:\/\/uviger.fausac.gt\/index.php?rest_route=\/wp\/v2\/pages\/248\/revisions"}],"predecessor-version":[{"id":345,"href":"http:\/\/uviger.fausac.gt\/index.php?rest_route=\/wp\/v2\/pages\/248\/revisions\/345"}],"wp:attachment":[{"href":"http:\/\/uviger.fausac.gt\/index.php?rest_route=%2Fwp%2Fv2%2Fmedia&parent=248"}],"curies":[{"name":"wp","href":"https:\/\/api.w.org\/{rel}","templated":true}]}}