{"id":266,"date":"2017-04-21T16:15:26","date_gmt":"2017-04-21T22:15:26","guid":{"rendered":"http:\/\/uviger.fausac.gt\/?page_id=266"},"modified":"2017-04-25T11:09:46","modified_gmt":"2017-04-25T17:09:46","slug":"laboratorio-de-entomologia","status":"publish","type":"page","link":"http:\/\/uviger.fausac.gt\/?page_id=266","title":{"rendered":"Laboratorio de Investigaciones Entomol\u00f3gicas"},"content":{"rendered":"<p style=\"text-align: justify;\">El laboratorio de investigaciones entomol\u00f3gicas de la Facultad de Agronom\u00eda de la Universidad de San Carlos de Guatemala posee la colecci\u00f3n de insectos inicialmente formada por el Doctor Castro Uma\u00f1a desde 1960 aproximadamente, donde contiene la colecci\u00f3n de los diferentes ecosistemas de Guatemala.<\/p>\n<p style=\"text-align: justify;\">Inicialmente se contaba \u00a0con 17 gabinetes entomol\u00f3gicos en \u00a0la cual \u00a0se divid\u00edan por \u00f3rdenes de insectos. \u00a0Actualmente cuenta con m\u00e1s de 25 gabinetes donde se encuentran m\u00e1s de 50000 insectos del entorno del pa\u00eds a disposici\u00f3n de la poblaci\u00f3n.<\/p>\n<p style=\"text-align: justify;\">El laboratorio tambi\u00e9n posee equipo apropiado para la investigaci\u00f3n cient\u00edfica y as\u00ed mismo con Personal especializado en el tema como lo son el <a href=\"http:\/\/f-guevara-chavez.blogspot.com\/\"><span style=\"color: #0000ff;\"><u>Ing. Agr, M Sc. Filadelfo Guevara Ch\u00e1vez<\/u><\/span><\/a> y <span style=\"color: #0000ff;\"><u>Ing. Agr. M Sc. Carlos Gonz\u00e1lez<\/u>.<\/span> de igual manera hace la invitaci\u00f3n a la poblaci\u00f3n en general que est\u00e9n interesados en este tipo de estudio a que se acerquen al edificio UVIGER, tercer nivel, en el Laboratorio de Entomolog\u00eda.<\/p>\n<p style=\"text-align: justify;\"><img decoding=\"async\" loading=\"lazy\" class=\"alignnone size-medium wp-image-273\" src=\"http:\/\/uviger.fausac.gt\/wp-content\/uploads\/2017\/04\/ento-1-2-300x169.png\" alt=\"\" width=\"300\" height=\"169\" srcset=\"http:\/\/uviger.fausac.gt\/wp-content\/uploads\/2017\/04\/ento-1-2-300x169.png 300w, http:\/\/uviger.fausac.gt\/wp-content\/uploads\/2017\/04\/ento-1-2-768x432.png 768w, http:\/\/uviger.fausac.gt\/wp-content\/uploads\/2017\/04\/ento-1-2.png 807w\" sizes=\"(max-width: 300px) 100vw, 300px\" \/>\u00a0 \u00a0 \u00a0<img decoding=\"async\" loading=\"lazy\" class=\"size-medium wp-image-272 aligncenter\" src=\"http:\/\/uviger.fausac.gt\/wp-content\/uploads\/2017\/04\/ento-3-2-300x169.png\" alt=\"\" width=\"300\" height=\"169\" srcset=\"http:\/\/uviger.fausac.gt\/wp-content\/uploads\/2017\/04\/ento-3-2-300x169.png 300w, http:\/\/uviger.fausac.gt\/wp-content\/uploads\/2017\/04\/ento-3-2-768x433.png 768w, http:\/\/uviger.fausac.gt\/wp-content\/uploads\/2017\/04\/ento-3-2.png 816w\" sizes=\"(max-width: 300px) 100vw, 300px\" \/> \u00a0 \u00a0 \u00a0 \u00a0 \u00a0 \u00a0 \u00a0 \u00a0\u00a0<img decoding=\"async\" loading=\"lazy\" class=\"size-medium wp-image-271 alignleft\" src=\"http:\/\/uviger.fausac.gt\/wp-content\/uploads\/2017\/04\/ento-2-2-300x169.png\" alt=\"\" width=\"300\" height=\"169\" srcset=\"http:\/\/uviger.fausac.gt\/wp-content\/uploads\/2017\/04\/ento-2-2-300x169.png 300w, http:\/\/uviger.fausac.gt\/wp-content\/uploads\/2017\/04\/ento-2-2.png 646w\" sizes=\"(max-width: 300px) 100vw, 300px\" \/><\/p>\n<p style=\"text-align: justify;\">\n","protected":false},"excerpt":{"rendered":"<p>El laboratorio de investigaciones entomol\u00f3gicas de la Facultad de Agronom\u00eda de la Universidad de San Carlos de Guatemala posee la colecci\u00f3n de insectos inicialmente formada por el Doctor Castro Uma\u00f1a desde 1960 aproximadamente, donde contiene la colecci\u00f3n de los diferentes ecosistemas de Guatemala. Inicialmente se contaba \u00a0con 17 gabinetes entomol\u00f3gicos en \u00a0la cual \u00a0se divid\u00edan<\/p>\n","protected":false},"author":2,"featured_media":0,"parent":0,"menu_order":0,"comment_status":"closed","ping_status":"closed","template":"","meta":[],"_links":{"self":[{"href":"http:\/\/uviger.fausac.gt\/index.php?rest_route=\/wp\/v2\/pages\/266"}],"collection":[{"href":"http:\/\/uviger.fausac.gt\/index.php?rest_route=\/wp\/v2\/pages"}],"about":[{"href":"http:\/\/uviger.fausac.gt\/index.php?rest_route=\/wp\/v2\/types\/page"}],"author":[{"embeddable":true,"href":"http:\/\/uviger.fausac.gt\/index.php?rest_route=\/wp\/v2\/users\/2"}],"replies":[{"embeddable":true,"href":"http:\/\/uviger.fausac.gt\/index.php?rest_route=%2Fwp%2Fv2%2Fcomments&post=266"}],"version-history":[{"count":6,"href":"http:\/\/uviger.fausac.gt\/index.php?rest_route=\/wp\/v2\/pages\/266\/revisions"}],"predecessor-version":[{"id":303,"href":"http:\/\/uviger.fausac.gt\/index.php?rest_route=\/wp\/v2\/pages\/266\/revisions\/303"}],"wp:attachment":[{"href":"http:\/\/uviger.fausac.gt\/index.php?rest_route=%2Fwp%2Fv2%2Fmedia&parent=266"}],"curies":[{"name":"wp","href":"https:\/\/api.w.org\/{rel}","templated":true}]}}