{"id":316,"date":"2019-01-23T17:48:02","date_gmt":"2019-01-23T23:48:02","guid":{"rendered":"http:\/\/uviger.fausac.gt\/?page_id=316"},"modified":"2019-01-23T17:48:02","modified_gmt":"2019-01-23T23:48:02","slug":"laboratorio-forense-de-maderas","status":"publish","type":"page","link":"http:\/\/uviger.fausac.gt\/?page_id=316","title":{"rendered":"Laboratorio Forense de Maderas"},"content":{"rendered":"\n<p><strong>Objetivos<\/strong><\/p>\n\n\n\n<p style=\"text-align: justify;\">Crear la capacidad de identificar legalmente las maderas de especies forestales incluidas en <a href=\"https:\/\/www.cites.org\/esp\/app\/appendices.php\">ap\u00e9ndices II<\/a> de la CITES, para el cumplimiento de la misma. <\/p>\n\n\n\n<p style=\"text-align: justify;\">Generar informaci\u00f3n sobre la distribuci\u00f3n geogr\u00e1fica, fenol\u00f3gica y bot\u00e1nica de las especies, as\u00ed como informaci\u00f3n macrosc\u00f3pica, microsc\u00f3pica y f\u00edsica de la madera de las especies arb\u00f3reas incluidas en ap\u00e9ndice II de la convenci\u00f3n CITES (Swietenia macrophylla King, Swietenia humilis Zucc., Guaiacum sanctum L., Guaiacum officinale L., Dalbergia stevensonii Standl., Dalbergia retusa Helms) con \u00e9nfasis en otras especies del g\u00e9nero Dalbergia. <\/p>\n\n\n\n<p><strong>Descripci\u00f3n del laboratorio<\/strong><\/p>\n\n\n\n<p style=\"text-align: justify;\"> El Laboratorio cuenta con seis ambientes: <\/p>\n\n\n\n<ol><li>Recepci\u00f3n de muestras<\/li><li>\u00c1rea de Microscop\u00eda<\/li><li>\u00c1rea de Procedimientos Histol\u00f3gicos<\/li><li>\u00c1rea de Coordinaci\u00f3n<\/li><li>\u00c1rea de cub\u00edculos<\/li><li>Xiloteca<\/li><\/ol>\n\n\n\n<p><\/p>\n","protected":false},"excerpt":{"rendered":"<p>Objetivos Crear la capacidad de identificar legalmente las maderas de especies forestales incluidas en ap\u00e9ndices II de la CITES, para el cumplimiento de la misma. Generar informaci\u00f3n sobre la distribuci\u00f3n geogr\u00e1fica, fenol\u00f3gica y bot\u00e1nica de las especies, as\u00ed como informaci\u00f3n macrosc\u00f3pica, microsc\u00f3pica y f\u00edsica de la madera de las especies arb\u00f3reas incluidas en ap\u00e9ndice II<\/p>\n","protected":false},"author":2,"featured_media":0,"parent":0,"menu_order":0,"comment_status":"closed","ping_status":"closed","template":"","meta":[],"_links":{"self":[{"href":"http:\/\/uviger.fausac.gt\/index.php?rest_route=\/wp\/v2\/pages\/316"}],"collection":[{"href":"http:\/\/uviger.fausac.gt\/index.php?rest_route=\/wp\/v2\/pages"}],"about":[{"href":"http:\/\/uviger.fausac.gt\/index.php?rest_route=\/wp\/v2\/types\/page"}],"author":[{"embeddable":true,"href":"http:\/\/uviger.fausac.gt\/index.php?rest_route=\/wp\/v2\/users\/2"}],"replies":[{"embeddable":true,"href":"http:\/\/uviger.fausac.gt\/index.php?rest_route=%2Fwp%2Fv2%2Fcomments&post=316"}],"version-history":[{"count":4,"href":"http:\/\/uviger.fausac.gt\/index.php?rest_route=\/wp\/v2\/pages\/316\/revisions"}],"predecessor-version":[{"id":320,"href":"http:\/\/uviger.fausac.gt\/index.php?rest_route=\/wp\/v2\/pages\/316\/revisions\/320"}],"wp:attachment":[{"href":"http:\/\/uviger.fausac.gt\/index.php?rest_route=%2Fwp%2Fv2%2Fmedia&parent=316"}],"curies":[{"name":"wp","href":"https:\/\/api.w.org\/{rel}","templated":true}]}}