{"id":57,"date":"2017-02-14T15:06:58","date_gmt":"2017-02-14T15:06:58","guid":{"rendered":"http:\/\/uviger.fausac.gt\/?page_id=57"},"modified":"2017-03-27T10:11:30","modified_gmt":"2017-03-27T16:11:30","slug":"inicio","status":"publish","type":"page","link":"http:\/\/uviger.fausac.gt\/?page_id=57","title":{"rendered":""},"content":{"rendered":"<p>Es la unidad encargada de desarrollar los mecanismos y estrategias de vinculaci\u00f3n de la Facultad de Agronom\u00eda con los diferentes sectores de la sociedad, a nivel nacional e internacional de establecer las relaciones para consecuci\u00f3n de recursos y coordinar la ejecuci\u00f3n de proyectos<\/p>\n<p><strong>Oficinas:<\/strong><\/p>\n<p>Primer Nivel, UVIGER<br \/>\nFacultad de Agronom\u00eda<br \/>\nde la Universidad de San Carlos de Guatemala<br \/>\nZona 12, Ciudad de Guatemala<br \/>\nAm\u00e9rica central<br \/>\nTel. + 502- 24189317<br \/>\nuvigercentral@gmail.com<\/p>\n<p><strong>Horario de Atenci\u00f3n:<\/strong> 9:00 a 13:00 y 14:00 a 17:00<\/p>\n<p><strong>Ubicaci\u00f3n:<\/strong><\/p>\n<p><iframe loading=\"lazy\" style=\"border: 0;\" src=\"https:\/\/www.google.com\/maps\/embed?pb=!1m14!1m8!1m3!1d15445.10349814831!2d-90.5536685!3d14.5833498!3m2!1i1024!2i768!4f13.1!3m3!1m2!1s0x0%3A0x4f2ba0b26079d473!2sUVIGER!5e0!3m2!1ses!2sgt!4v1488808153656\" width=\"400\" height=\"300\" frameborder=\"0\" allowfullscreen=\"allowfullscreen\"><\/iframe><\/p>\n<p><strong>Rutas de Acceso\u00a0<\/strong><\/p>\n<p><a href=\"http:\/\/uviger.fausac.gt\/wp-content\/uploads\/2017\/02\/Mapa-USAC_phixr-1-1.jpg\"><img decoding=\"async\" loading=\"lazy\" class=\"alignnone wp-image-182\" src=\"http:\/\/uviger.fausac.gt\/wp-content\/uploads\/2017\/02\/Mapa-USAC_phixr-1_opt-300x228.jpg\" alt=\"\" width=\"389\" height=\"296\" srcset=\"http:\/\/uviger.fausac.gt\/wp-content\/uploads\/2017\/02\/Mapa-USAC_phixr-1_opt-300x228.jpg 300w, http:\/\/uviger.fausac.gt\/wp-content\/uploads\/2017\/02\/Mapa-USAC_phixr-1_opt.jpg 400w\" sizes=\"(max-width: 389px) 100vw, 389px\" \/><\/a><\/p>\n<p>&nbsp;<\/p>\n<p>&nbsp;<\/p>\n<p>&nbsp;<\/p>\n<p>&nbsp;<\/p>\n","protected":false},"excerpt":{"rendered":"<p>Es la unidad encargada de desarrollar los mecanismos y estrategias de vinculaci\u00f3n de la Facultad de Agronom\u00eda con los diferentes sectores de la sociedad, a nivel nacional e internacional de establecer las relaciones para consecuci\u00f3n de recursos y coordinar la ejecuci\u00f3n de proyectos Oficinas: Primer Nivel, UVIGER Facultad de Agronom\u00eda de la Universidad de San<\/p>\n","protected":false},"author":2,"featured_media":0,"parent":0,"menu_order":0,"comment_status":"closed","ping_status":"closed","template":"","meta":[],"_links":{"self":[{"href":"http:\/\/uviger.fausac.gt\/index.php?rest_route=\/wp\/v2\/pages\/57"}],"collection":[{"href":"http:\/\/uviger.fausac.gt\/index.php?rest_route=\/wp\/v2\/pages"}],"about":[{"href":"http:\/\/uviger.fausac.gt\/index.php?rest_route=\/wp\/v2\/types\/page"}],"author":[{"embeddable":true,"href":"http:\/\/uviger.fausac.gt\/index.php?rest_route=\/wp\/v2\/users\/2"}],"replies":[{"embeddable":true,"href":"http:\/\/uviger.fausac.gt\/index.php?rest_route=%2Fwp%2Fv2%2Fcomments&post=57"}],"version-history":[{"count":17,"href":"http:\/\/uviger.fausac.gt\/index.php?rest_route=\/wp\/v2\/pages\/57\/revisions"}],"predecessor-version":[{"id":185,"href":"http:\/\/uviger.fausac.gt\/index.php?rest_route=\/wp\/v2\/pages\/57\/revisions\/185"}],"wp:attachment":[{"href":"http:\/\/uviger.fausac.gt\/index.php?rest_route=%2Fwp%2Fv2%2Fmedia&parent=57"}],"curies":[{"name":"wp","href":"https:\/\/api.w.org\/{rel}","templated":true}]}}